{"id":52716,"date":"2026-04-08T15:38:24","date_gmt":"2026-04-08T14:38:24","guid":{"rendered":"https:\/\/somnismar.com\/?post_type=product&#038;p=52716"},"modified":"2026-04-08T15:48:11","modified_gmt":"2026-04-08T14:48:11","slug":"matelas-a-ressorts-ensaches-viscoelastiques-nube-offre","status":"publish","type":"product","link":"https:\/\/somnismar.com\/fr\/produit\/matelas-a-ressorts-ensaches-viscoelastiques-nube-offre\/","title":{"rendered":"Matelas \u00e0 ressorts ensach\u00e9s + viscoelastiques NUBE OFFRE"},"content":{"rendered":"<p><strong>Matelas \u00e0 ressorts ensach\u00e9s<\/strong> mod\u00e8le NUBE<\/p>\n<div>&#8211; Mousse visco\u00e9lastique<\/div>\n<div>&#8211; 25 cm d&rsquo;\u00e9paisseur<\/div>\n<div><\/div>\n<div><strong>OFFRE AVRIL!!<\/strong><\/div>\n","protected":false},"excerpt":{"rendered":"<p><strong>Matelas \u00e0 ressorts ensach\u00e9s<\/strong> mod\u00e8le NUBE<\/p>\n<div>&#8211; Mousse visco\u00e9lastique<\/div>\n<div>&#8211; 25 cm d&rsquo;\u00e9paisseur<\/div>\n<div><\/div>\n<div><strong>OFFRE AVRIL!!<\/strong><\/div>\n","protected":false},"featured_media":52740,"comment_status":"closed","ping_status":"closed","template":"","meta":[],"product_brand":[],"product_cat":[531,353],"product_tag":[],"class_list":{"0":"post-52716","1":"product","2":"type-product","3":"status-publish","4":"has-post-thumbnail","6":"product_cat-offres","7":"product_cat-matelas-a-ressorts","9":"first","10":"instock","11":"sale","12":"taxable","13":"shipping-taxable","14":"purchasable","15":"product-type-variable"},"_links":{"self":[{"href":"https:\/\/somnismar.com\/fr\/wp-json\/wp\/v2\/product\/52716","targetHints":{"allow":["GET"]}}],"collection":[{"href":"https:\/\/somnismar.com\/fr\/wp-json\/wp\/v2\/product"}],"about":[{"href":"https:\/\/somnismar.com\/fr\/wp-json\/wp\/v2\/types\/product"}],"replies":[{"embeddable":true,"href":"https:\/\/somnismar.com\/fr\/wp-json\/wp\/v2\/comments?post=52716"}],"wp:featuredmedia":[{"embeddable":true,"href":"https:\/\/somnismar.com\/fr\/wp-json\/wp\/v2\/media\/52740"}],"wp:attachment":[{"href":"https:\/\/somnismar.com\/fr\/wp-json\/wp\/v2\/media?parent=52716"}],"wp:term":[{"taxonomy":"product_brand","embeddable":true,"href":"https:\/\/somnismar.com\/fr\/wp-json\/wp\/v2\/product_brand?post=52716"},{"taxonomy":"product_cat","embeddable":true,"href":"https:\/\/somnismar.com\/fr\/wp-json\/wp\/v2\/product_cat?post=52716"},{"taxonomy":"product_tag","embeddable":true,"href":"https:\/\/somnismar.com\/fr\/wp-json\/wp\/v2\/product_tag?post=52716"}],"curies":[{"name":"wp","href":"https:\/\/api.w.org\/{rel}","templated":true}]}}