{"id":50536,"date":"2024-06-10T19:12:59","date_gmt":"2024-06-10T18:13:03","guid":{"rendered":"https:\/\/somnismar.com\/?post_type=product&#038;p=50536"},"modified":"2024-06-10T19:20:01","modified_gmt":"2024-06-10T18:20:01","slug":"pack-sommier-articule-electrique-arti","status":"publish","type":"product","link":"https:\/\/somnismar.com\/fr\/produit\/pack-sommier-articule-electrique-arti\/","title":{"rendered":"Pack sommier articul\u00e9 \u00e9lectrique ARTI"},"content":{"rendered":"<p><strong>Pack sommier articul\u00e9 \u00e9lectrique<\/strong> mod\u00e8le ARTI:<br \/>\n&#8211; sommier articul\u00e9 et \u00e9lectrique<br \/>\n&#8211; matelas visco\u00e9lastique de 5 cm<br \/>\n&#8211; oreiller visco\u00e9lastique<br \/>\n&#8211; tissu extensible<br \/>\n&#8211; housse amovible<br \/>\n&#8211; anti-acariens<\/p>\n","protected":false},"excerpt":{"rendered":"<p><strong>Pack sommier articul\u00e9 \u00e9lectrique<\/strong> mod\u00e8le ARTI<\/p>\n","protected":false},"featured_media":49577,"comment_status":"closed","ping_status":"closed","template":"","meta":[],"product_brand":[],"product_cat":[359],"product_tag":[],"class_list":{"0":"post-50536","1":"product","2":"type-product","3":"status-publish","4":"has-post-thumbnail","6":"product_cat-sommiers","7":"product_shipping_class-matelas","9":"first","10":"instock","11":"taxable","12":"shipping-taxable","13":"purchasable","14":"product-type-variable"},"_links":{"self":[{"href":"https:\/\/somnismar.com\/fr\/wp-json\/wp\/v2\/product\/50536","targetHints":{"allow":["GET"]}}],"collection":[{"href":"https:\/\/somnismar.com\/fr\/wp-json\/wp\/v2\/product"}],"about":[{"href":"https:\/\/somnismar.com\/fr\/wp-json\/wp\/v2\/types\/product"}],"replies":[{"embeddable":true,"href":"https:\/\/somnismar.com\/fr\/wp-json\/wp\/v2\/comments?post=50536"}],"wp:featuredmedia":[{"embeddable":true,"href":"https:\/\/somnismar.com\/fr\/wp-json\/wp\/v2\/media\/49577"}],"wp:attachment":[{"href":"https:\/\/somnismar.com\/fr\/wp-json\/wp\/v2\/media?parent=50536"}],"wp:term":[{"taxonomy":"product_brand","embeddable":true,"href":"https:\/\/somnismar.com\/fr\/wp-json\/wp\/v2\/product_brand?post=50536"},{"taxonomy":"product_cat","embeddable":true,"href":"https:\/\/somnismar.com\/fr\/wp-json\/wp\/v2\/product_cat?post=50536"},{"taxonomy":"product_tag","embeddable":true,"href":"https:\/\/somnismar.com\/fr\/wp-json\/wp\/v2\/product_tag?post=50536"}],"curies":[{"name":"wp","href":"https:\/\/api.w.org\/{rel}","templated":true}]}}