{"id":49901,"date":"2023-10-06T18:49:05","date_gmt":"2023-10-06T18:49:11","guid":{"rendered":"https:\/\/somnismar.com\/?post_type=product&#038;p=49901"},"modified":"2023-10-06T19:15:27","modified_gmt":"2023-10-06T19:15:27","slug":"matelas-viscoelastique-orien","status":"publish","type":"product","link":"https:\/\/somnismar.com\/fr\/produit\/matelas-viscoelastique-orien\/","title":{"rendered":"Matelas visco\u00e9lastique ORIEN"},"content":{"rendered":"<p><strong>Matelas visco\u00e9lastique<\/strong> extra-ferme mod\u00e8le ORIEN:<\/p>\n<ul>\n<li>Noyau HR 30 avec mousse \u00e0 m\u00e9moire de forme de haute qualit\u00e9<\/li>\n<li>rembourrage en tissu extensible<\/li>\n<li>25 cm de hauteur<\/li>\n<\/ul>\n","protected":false},"excerpt":{"rendered":"<p><strong>Matelas visco\u00e9lastique<\/strong> extra-ferme mod\u00e8le ORIEN<\/p>\n","protected":false},"featured_media":49916,"comment_status":"closed","ping_status":"closed","template":"","meta":[],"product_brand":[],"product_cat":[347],"product_tag":[],"class_list":{"0":"post-49901","1":"product","2":"type-product","3":"status-publish","4":"has-post-thumbnail","6":"product_cat-matelas-viscoelastiques","7":"product_shipping_class-matelas","9":"first","10":"instock","11":"taxable","12":"shipping-taxable","13":"purchasable","14":"product-type-variable"},"_links":{"self":[{"href":"https:\/\/somnismar.com\/fr\/wp-json\/wp\/v2\/product\/49901","targetHints":{"allow":["GET"]}}],"collection":[{"href":"https:\/\/somnismar.com\/fr\/wp-json\/wp\/v2\/product"}],"about":[{"href":"https:\/\/somnismar.com\/fr\/wp-json\/wp\/v2\/types\/product"}],"replies":[{"embeddable":true,"href":"https:\/\/somnismar.com\/fr\/wp-json\/wp\/v2\/comments?post=49901"}],"wp:featuredmedia":[{"embeddable":true,"href":"https:\/\/somnismar.com\/fr\/wp-json\/wp\/v2\/media\/49916"}],"wp:attachment":[{"href":"https:\/\/somnismar.com\/fr\/wp-json\/wp\/v2\/media?parent=49901"}],"wp:term":[{"taxonomy":"product_brand","embeddable":true,"href":"https:\/\/somnismar.com\/fr\/wp-json\/wp\/v2\/product_brand?post=49901"},{"taxonomy":"product_cat","embeddable":true,"href":"https:\/\/somnismar.com\/fr\/wp-json\/wp\/v2\/product_cat?post=49901"},{"taxonomy":"product_tag","embeddable":true,"href":"https:\/\/somnismar.com\/fr\/wp-json\/wp\/v2\/product_tag?post=49901"}],"curies":[{"name":"wp","href":"https:\/\/api.w.org\/{rel}","templated":true}]}}