{"id":49767,"date":"2023-10-06T18:20:52","date_gmt":"2023-10-06T18:20:58","guid":{"rendered":"https:\/\/somnismar.com\/?post_type=product&#038;p=49767"},"modified":"2023-10-06T18:46:05","modified_gmt":"2023-10-06T18:46:05","slug":"matelas-viscoelastique-residencial","status":"publish","type":"product","link":"https:\/\/somnismar.com\/fr\/produit\/matelas-viscoelastique-residencial\/","title":{"rendered":"Matelas visco\u00e9lastique RESIDENCIAL"},"content":{"rendered":"<p><strong>Matelas visco\u00e9lastique<\/strong> mod\u00e8le R\u00c9SIDENTIEL. Il est fortement indiqu\u00e9 pour les <strong>h\u00f4pitaux<\/strong> et les <strong>maisons de retraite<\/strong>:<\/p>\n<ul>\n<li>housse amovible<\/li>\n<li>Densitex<\/li>\n<li>respirant<\/li>\n<li>convient aux lits r\u00e9glables<\/li>\n<li>antibact\u00e9rien<\/li>\n<li>ignifuger<\/li>\n<li>imperm\u00e9able<\/li>\n<li>visco\u00e9lastique<\/li>\n<\/ul>\n","protected":false},"excerpt":{"rendered":"<p><strong>Matelas visco\u00e9lastique<\/strong> mod\u00e8le R\u00c9SIDENTIEL. Il est fortement indiqu\u00e9 pour les <strong>h\u00f4pitaux<\/strong> et les <strong>maisons de retraite.<\/strong><\/p>\n","protected":false},"featured_media":49782,"comment_status":"closed","ping_status":"closed","template":"","meta":[],"product_brand":[],"product_cat":[347],"product_tag":[],"class_list":{"0":"post-49767","1":"product","2":"type-product","3":"status-publish","4":"has-post-thumbnail","6":"product_cat-matelas-viscoelastiques","7":"product_shipping_class-matelas","9":"first","10":"instock","11":"taxable","12":"shipping-taxable","13":"purchasable","14":"product-type-variable"},"_links":{"self":[{"href":"https:\/\/somnismar.com\/fr\/wp-json\/wp\/v2\/product\/49767","targetHints":{"allow":["GET"]}}],"collection":[{"href":"https:\/\/somnismar.com\/fr\/wp-json\/wp\/v2\/product"}],"about":[{"href":"https:\/\/somnismar.com\/fr\/wp-json\/wp\/v2\/types\/product"}],"replies":[{"embeddable":true,"href":"https:\/\/somnismar.com\/fr\/wp-json\/wp\/v2\/comments?post=49767"}],"wp:featuredmedia":[{"embeddable":true,"href":"https:\/\/somnismar.com\/fr\/wp-json\/wp\/v2\/media\/49782"}],"wp:attachment":[{"href":"https:\/\/somnismar.com\/fr\/wp-json\/wp\/v2\/media?parent=49767"}],"wp:term":[{"taxonomy":"product_brand","embeddable":true,"href":"https:\/\/somnismar.com\/fr\/wp-json\/wp\/v2\/product_brand?post=49767"},{"taxonomy":"product_cat","embeddable":true,"href":"https:\/\/somnismar.com\/fr\/wp-json\/wp\/v2\/product_cat?post=49767"},{"taxonomy":"product_tag","embeddable":true,"href":"https:\/\/somnismar.com\/fr\/wp-json\/wp\/v2\/product_tag?post=49767"}],"curies":[{"name":"wp","href":"https:\/\/api.w.org\/{rel}","templated":true}]}}