{"id":49334,"date":"2023-09-06T10:42:26","date_gmt":"2023-09-06T10:42:26","guid":{"rendered":"https:\/\/somnismar.com\/producto\/somier-articulado-electrico-ergo\/"},"modified":"2023-09-27T17:23:08","modified_gmt":"2023-09-27T17:23:08","slug":"sommier-articule-electrique-ergo","status":"publish","type":"product","link":"https:\/\/somnismar.com\/fr\/produit\/sommier-articule-electrique-ergo\/","title":{"rendered":"Sommier articul\u00e9 \u00e9lectrique ERGO"},"content":{"rendered":"<p><strong>Sommier articul\u00e9 \u00e9lectrique<\/strong> mod\u00e8le ERGO :<br \/>\n&#8211; Structure ext\u00e9rieure en tube d&rsquo;acier 60&#215;20 et int\u00e9rieure 30&#215;30<br \/>\n&#8211; 24 feuilles en bois de h\u00eatre en papier carbone<br \/>\n&#8211; 12 r\u00e9gulateurs d&rsquo;\u00e9lasticit\u00e9 dans la zone lombaire<br \/>\n-Moteur \u00e9lectrique silencieux de haute qualit\u00e9 et s\u00fbr avec commande par c\u00e2ble.<br \/>\n&#8211; lot de 4 pieds ronds de 27 cm de haut<br \/>\n&#8211; hauteur totale avec pieds 34cm<\/p>\n","protected":false},"excerpt":{"rendered":"<p><strong>Sommier articul\u00e9 \u00e9lectrique<\/strong> mod\u00e8le ERGO<\/p>\n","protected":false},"featured_media":50570,"comment_status":"closed","ping_status":"closed","template":"","meta":[],"product_brand":[],"product_cat":[359],"product_tag":[],"class_list":{"0":"post-49334","1":"product","2":"type-product","3":"status-publish","4":"has-post-thumbnail","6":"product_cat-sommiers","7":"product_shipping_class-matelas","9":"first","10":"instock","11":"taxable","12":"shipping-taxable","13":"purchasable","14":"product-type-variable"},"_links":{"self":[{"href":"https:\/\/somnismar.com\/fr\/wp-json\/wp\/v2\/product\/49334","targetHints":{"allow":["GET"]}}],"collection":[{"href":"https:\/\/somnismar.com\/fr\/wp-json\/wp\/v2\/product"}],"about":[{"href":"https:\/\/somnismar.com\/fr\/wp-json\/wp\/v2\/types\/product"}],"replies":[{"embeddable":true,"href":"https:\/\/somnismar.com\/fr\/wp-json\/wp\/v2\/comments?post=49334"}],"wp:featuredmedia":[{"embeddable":true,"href":"https:\/\/somnismar.com\/fr\/wp-json\/wp\/v2\/media\/50570"}],"wp:attachment":[{"href":"https:\/\/somnismar.com\/fr\/wp-json\/wp\/v2\/media?parent=49334"}],"wp:term":[{"taxonomy":"product_brand","embeddable":true,"href":"https:\/\/somnismar.com\/fr\/wp-json\/wp\/v2\/product_brand?post=49334"},{"taxonomy":"product_cat","embeddable":true,"href":"https:\/\/somnismar.com\/fr\/wp-json\/wp\/v2\/product_cat?post=49334"},{"taxonomy":"product_tag","embeddable":true,"href":"https:\/\/somnismar.com\/fr\/wp-json\/wp\/v2\/product_tag?post=49334"}],"curies":[{"name":"wp","href":"https:\/\/api.w.org\/{rel}","templated":true}]}}