{"id":49282,"date":"2023-09-05T17:51:27","date_gmt":"2023-09-05T17:51:27","guid":{"rendered":"https:\/\/somnismar.com\/producto\/colchon-muelles-ensacados-niza\/"},"modified":"2023-10-06T11:59:48","modified_gmt":"2023-10-06T11:59:48","slug":"matelas-ressorts-ensaches-niza","status":"publish","type":"product","link":"https:\/\/somnismar.com\/fr\/produit\/matelas-ressorts-ensaches-niza\/","title":{"rendered":"Matelas \u00e0 ressorts ensach\u00e9s NIZA"},"content":{"rendered":"<p><strong>Matelas \u00e0 ressorts ensach\u00e9s<\/strong> mod\u00e8le NIZA:<br \/>\n&#8211; respirant, adaptable et ind\u00e9formable<br \/>\n&#8211; double face<br \/>\n&#8211; anti-acariens<br \/>\n&#8211; avec mousse \u00e0 m\u00e9moire de forme<\/p>\n","protected":false},"excerpt":{"rendered":"<p><strong>Matelas \u00e0 ressorts ensach\u00e9s<\/strong> mod\u00e8le NIZA<\/p>\n","protected":false},"featured_media":48018,"comment_status":"closed","ping_status":"closed","template":"","meta":[],"product_brand":[],"product_cat":[353],"product_tag":[],"class_list":{"0":"post-49282","1":"product","2":"type-product","3":"status-publish","4":"has-post-thumbnail","6":"product_cat-matelas-a-ressorts","7":"product_shipping_class-matelas","9":"first","10":"outofstock","11":"taxable","12":"shipping-taxable","13":"purchasable","14":"product-type-variable"},"_links":{"self":[{"href":"https:\/\/somnismar.com\/fr\/wp-json\/wp\/v2\/product\/49282","targetHints":{"allow":["GET"]}}],"collection":[{"href":"https:\/\/somnismar.com\/fr\/wp-json\/wp\/v2\/product"}],"about":[{"href":"https:\/\/somnismar.com\/fr\/wp-json\/wp\/v2\/types\/product"}],"replies":[{"embeddable":true,"href":"https:\/\/somnismar.com\/fr\/wp-json\/wp\/v2\/comments?post=49282"}],"wp:featuredmedia":[{"embeddable":true,"href":"https:\/\/somnismar.com\/fr\/wp-json\/wp\/v2\/media\/48018"}],"wp:attachment":[{"href":"https:\/\/somnismar.com\/fr\/wp-json\/wp\/v2\/media?parent=49282"}],"wp:term":[{"taxonomy":"product_brand","embeddable":true,"href":"https:\/\/somnismar.com\/fr\/wp-json\/wp\/v2\/product_brand?post=49282"},{"taxonomy":"product_cat","embeddable":true,"href":"https:\/\/somnismar.com\/fr\/wp-json\/wp\/v2\/product_cat?post=49282"},{"taxonomy":"product_tag","embeddable":true,"href":"https:\/\/somnismar.com\/fr\/wp-json\/wp\/v2\/product_tag?post=49282"}],"curies":[{"name":"wp","href":"https:\/\/api.w.org\/{rel}","templated":true}]}}