{"id":48613,"date":"2023-09-07T11:59:25","date_gmt":"2023-09-07T11:59:25","guid":{"rendered":"https:\/\/somnismar.com\/producto\/colchon-muelles-ensacados-ori\/"},"modified":"2024-02-02T17:10:02","modified_gmt":"2024-02-02T17:10:02","slug":"matelas-ressorts-ensaches-ori","status":"publish","type":"product","link":"https:\/\/somnismar.com\/fr\/produit\/matelas-ressorts-ensaches-ori\/","title":{"rendered":"Matelas \u00e0 ressorts ensach\u00e9s ORI"},"content":{"rendered":"<p><strong>Matelas \u00e0 ressorts ensach\u00e9s<\/strong> mod\u00e8le ORI :<br \/>\n&#8211; avec 2 cm de mousse \u00e0 m\u00e9moire de forme de chaque c\u00f4t\u00e9<br \/>\n&#8211; tissu extensible<br \/>\n&#8211; Super doux<br \/>\n&#8211; fibre hypoallerg\u00e9nique<br \/>\n&#8211; le technophisme<br \/>\n&#8211; MOUSSE<br \/>\n&#8211; anti-acariens<br \/>\n&#8211; 30 cm de haut<\/p>\n","protected":false},"excerpt":{"rendered":"<p><strong>Matelas \u00e0 ressorts ensach\u00e9s<\/strong> mod\u00e8le ORI<\/p>\n","protected":false},"featured_media":48182,"comment_status":"closed","ping_status":"closed","template":"","meta":[],"product_brand":[],"product_cat":[353],"product_tag":[],"class_list":{"0":"post-48613","1":"product","2":"type-product","3":"status-publish","4":"has-post-thumbnail","6":"product_cat-matelas-a-ressorts","7":"product_shipping_class-matelas","9":"first","10":"instock","11":"taxable","12":"shipping-taxable","13":"purchasable","14":"product-type-variable"},"_links":{"self":[{"href":"https:\/\/somnismar.com\/fr\/wp-json\/wp\/v2\/product\/48613","targetHints":{"allow":["GET"]}}],"collection":[{"href":"https:\/\/somnismar.com\/fr\/wp-json\/wp\/v2\/product"}],"about":[{"href":"https:\/\/somnismar.com\/fr\/wp-json\/wp\/v2\/types\/product"}],"replies":[{"embeddable":true,"href":"https:\/\/somnismar.com\/fr\/wp-json\/wp\/v2\/comments?post=48613"}],"wp:featuredmedia":[{"embeddable":true,"href":"https:\/\/somnismar.com\/fr\/wp-json\/wp\/v2\/media\/48182"}],"wp:attachment":[{"href":"https:\/\/somnismar.com\/fr\/wp-json\/wp\/v2\/media?parent=48613"}],"wp:term":[{"taxonomy":"product_brand","embeddable":true,"href":"https:\/\/somnismar.com\/fr\/wp-json\/wp\/v2\/product_brand?post=48613"},{"taxonomy":"product_cat","embeddable":true,"href":"https:\/\/somnismar.com\/fr\/wp-json\/wp\/v2\/product_cat?post=48613"},{"taxonomy":"product_tag","embeddable":true,"href":"https:\/\/somnismar.com\/fr\/wp-json\/wp\/v2\/product_tag?post=48613"}],"curies":[{"name":"wp","href":"https:\/\/api.w.org\/{rel}","templated":true}]}}