{"id":48444,"date":"2023-08-28T17:54:51","date_gmt":"2023-08-28T17:54:51","guid":{"rendered":"https:\/\/somnismar.com\/somieres-lescala\/"},"modified":"2024-12-30T20:03:40","modified_gmt":"2024-12-30T19:03:40","slug":"sommiers-lescala","status":"publish","type":"page","link":"https:\/\/somnismar.com\/fr\/catalogue\/sommiers-lescala\/","title":{"rendered":"Sommiers \u00e0 L&rsquo;Escala"},"content":{"rendered":"<div class=\"slider-wrapper relative\" id=\"slider-1834475991\" >\n    <div class=\"slider slider-nav-circle slider-nav-large slider-nav-light slider-style-normal\"\n        data-flickity-options='{\n            \"cellAlign\": \"center\",\n            \"imagesLoaded\": true,\n            \"lazyLoad\": 1,\n            \"freeScroll\": false,\n            \"wrapAround\": true,\n            \"autoPlay\": 6000,\n            \"pauseAutoPlayOnHover\" : true,\n            \"prevNextButtons\": true,\n            \"contain\" : true,\n            \"adaptiveHeight\" : true,\n            \"dragThreshold\" : 10,\n            \"percentPosition\": true,\n            \"pageDots\": true,\n            \"rightToLeft\": false,\n            \"draggable\": true,\n            \"selectedAttraction\": 0.1,\n            \"parallax\" : 0,\n            \"friction\": 0.6        }'\n        >\n        \n\n  <div class=\"banner has-hover has-slide-effect slide-fade-in has-parallax\" id=\"banner-35999746\">\n          <div class=\"banner-inner fill\">\n        <div class=\"banner-bg fill\" data-parallax=\"-5\" data-parallax-container=\".banner\" data-parallax-background>\n            <img loading=\"lazy\" decoding=\"async\" width=\"1020\" height=\"278\" src=\"https:\/\/somnismar.com\/wp-content\/uploads\/2023\/09\/banner_2023-1400x381.jpg\" class=\"bg attachment-large size-large\" alt=\"fotomontaje cabecera\" \/>                        <div class=\"overlay\"><\/div>            \n                    <\/div>\n\t\t\n        <div class=\"banner-layers container\">\n            <div class=\"fill banner-link\"><\/div>            \n   <div id=\"text-box-46382600\" class=\"text-box banner-layer x5 md-x10 lg-x0 y35 md-y40 lg-y40 res-text\">\n                                <div class=\"text-box-content text dark\">\n              \n\t<div class=\"is-border\"\n\t\tstyle=\"border-width:2px 2px 2px 2px;\">\n\t<\/div>\n              <div class=\"text-inner text-left\">\n                  \n<h3 style=\"text-align: center;\">Produits pour votre repos<\/h3>\n              <\/div>\n           <\/div>\n                            \n<style>\n#text-box-46382600 .text-inner {\n  padding: 10px 0px 10px 0px;\n}\n#text-box-46382600 {\n  width: 85%;\n}\n#text-box-46382600 .text-box-content {\n  font-size: 90%;\n}\n@media (min-width:550px) {\n  #text-box-46382600 {\n    width: 60%;\n  }\n  #text-box-46382600 .text-box-content {\n    font-size: 100%;\n  }\n}\n@media (min-width:850px) {\n  #text-box-46382600 {\n    width: 45%;\n  }\n}\n<\/style>\n    <\/div>\n \n        <\/div>\n      <\/div>\n\n            \n<style>\n#banner-35999746 {\n  padding-top: 250px;\n}\n#banner-35999746 .overlay {\n  background-color: rgba(0, 0, 0, 0.02);\n}\n#banner-35999746 .banner-bg img {\n  object-position: 32% 58%;\n}\n@media (min-width:550px) {\n  #banner-35999746 {\n    padding-top: 500px;\n  }\n}\n<\/style>\n  <\/div>\n\n\n     <\/div>\n\n     <div class=\"loading-spin dark large centered\"><\/div>\n\n\t<\/div>\n\n\n\n\t<section class=\"section\" id=\"section_847008232\">\n\t\t<div class=\"section-bg fill\" >\n\t\t\t<img loading=\"lazy\" decoding=\"async\" width=\"720\" height=\"480\" src=\"https:\/\/somnismar.com\/wp-content\/uploads\/2023\/09\/bckgnd-matalas-001.jpg\" class=\"bg attachment- size-\" alt=\"textura colch\u00f3n\" \/>\t\t\t\t\t\t<div class=\"section-bg-overlay absolute fill\"><\/div>\n\t\t\t\n\n\t\t<\/div>\n\n\t\t\n\n\t\t<div class=\"section-content relative\">\n\t\t\t\n<div class=\"row\"  id=\"row-984889965\">\n\n\t<div id=\"col-1242950269\" class=\"col small-12 large-12\"  >\n\t\t\t\t<div class=\"col-inner\"  >\n\t\t\t\n\t\t\t\n<div id=\"m4109\" class=\"module text\">\n<div id=\"m4109\" class=\"module text\">\n<div class=\"container section-title-container\" ><h1 class=\"section-title section-title-normal\"><b aria-hidden=\"true\"><\/b><span class=\"section-title-main\" style=\"font-size:150%;color:rgb(147, 101, 184);\">Sommiers articul\u00e9s \u00e0 L'Escala<\/span><b aria-hidden=\"true\"><\/b><\/h1><\/div>\n<h2>Qu&rsquo;est-ce qu&rsquo;un sommier?<\/h2>\n<p>Chez <em><strong>SOMNIS MAR<\/strong><\/em> vous trouverez tout ce dont vous avez besoin pour votre repos. Nous vous conseillerons sur la vari\u00e9t\u00e9 de <strong>sommiers et des bases rembourr\u00e9s <\/strong>dont nous disposons.<\/p>\n<p><img loading=\"lazy\" decoding=\"async\" class=\"size-full wp-image-47825 aligncenter\" src=\"https:\/\/somnismar.com\/wp-content\/uploads\/2023\/08\/somier-laminas-doble.jpg\" alt=\"somier laminas doble\" width=\"389\" height=\"231\" \/><\/p>\n<p>D\u00e9couvrez toutes nos offres. Contactez-nous ou visitez-nous \u00e0 <a href=\"\/fr\/contact\/\">L&rsquo;Escala<\/a>.<\/p>\n\t\t<\/div>\n\t\t\t\t\n<style>\n#col-1242950269 > .col-inner {\n  padding: 0px 20px 0px 20px;\n}\n<\/style>\n\t<\/div>\n\n\t\n<\/div>\n\t\n  \n    <div class=\"row large-columns-4 medium-columns-3 small-columns-2 row-small slider row-slider slider-nav-reveal slider-nav-push\"  data-flickity-options='{&quot;imagesLoaded&quot;: true, &quot;groupCells&quot;: &quot;100%&quot;, &quot;dragThreshold&quot; : 5, &quot;cellAlign&quot;: &quot;left&quot;,&quot;wrapAround&quot;: true,&quot;prevNextButtons&quot;: true,&quot;percentPosition&quot;: true,&quot;pageDots&quot;: false, &quot;rightToLeft&quot;: false, &quot;autoPlay&quot; : false}' >\n\n  \n\t     <div class=\"product-small col has-hover product type-product post-50536 status-publish first instock product_cat-sommiers has-post-thumbnail taxable shipping-taxable purchasable product-type-variable\">\n\t<div class=\"col-inner\">\n\t\n<div class=\"badge-container absolute left top z-1\">\n\n<\/div>\n\t<div class=\"product-small box \">\n\t\t<div class=\"box-image\">\n\t\t\t<div class=\"image-fade_in_back\">\n\t\t\t\t<a href=\"https:\/\/somnismar.com\/fr\/produit\/pack-sommier-articule-electrique-arti\/\">\n\t\t\t\t\t<img loading=\"lazy\" decoding=\"async\" width=\"300\" height=\"250\" src=\"https:\/\/somnismar.com\/wp-content\/uploads\/2023\/09\/pack-somier-queen-300x250.jpg\" class=\"attachment-woocommerce_thumbnail size-woocommerce_thumbnail\" alt=\"Pack sommier articul\u00e9 \u00e9lectrique ARTI\" \/><img loading=\"lazy\" decoding=\"async\" width=\"300\" height=\"300\" src=\"https:\/\/somnismar.com\/wp-content\/uploads\/2023\/09\/pack-somier-colchon-viscoelastica-almohada-lores-300x300.jpg\" class=\"show-on-hover absolute fill hide-for-small back-image\" alt=\"Alternative view of Pack sommier articul\u00e9 \u00e9lectrique ARTI\" aria-hidden=\"true\" srcset=\"https:\/\/somnismar.com\/wp-content\/uploads\/2023\/09\/pack-somier-colchon-viscoelastica-almohada-lores-300x300.jpg 300w, https:\/\/somnismar.com\/wp-content\/uploads\/2023\/09\/pack-somier-colchon-viscoelastica-almohada-lores-280x280.jpg 280w, https:\/\/somnismar.com\/wp-content\/uploads\/2023\/09\/pack-somier-colchon-viscoelastica-almohada-lores-100x100.jpg 100w\" sizes=\"auto, (max-width: 300px) 100vw, 300px\" \/>\t\t\t\t<\/a>\n\t\t\t<\/div>\n\t\t\t<div class=\"image-tools is-small top right show-on-hover\">\n\t\t\t\t\t\t\t<\/div>\n\t\t\t<div class=\"image-tools is-small hide-for-small bottom left show-on-hover\">\n\t\t\t\t\t\t\t<\/div>\n\t\t\t<div class=\"image-tools grid-tools text-center hide-for-small bottom hover-slide-in show-on-hover\">\n\t\t\t\t<a href=\"#quick-view\" class=\"quick-view\" role=\"button\" data-prod=\"50536\" aria-haspopup=\"dialog\" aria-expanded=\"false\" data-flatsome-role-button>Aper\u00e7u<\/a>\t\t\t<\/div>\n\t\t\t\t\t<\/div>\n\n\t\t<div class=\"box-text box-text-products\">\n\t\t\t<div class=\"title-wrapper\">\t\t<p class=\"category uppercase is-smaller no-text-overflow product-cat op-8\">\n\t\t\tSommiers\t\t<\/p>\n\t<p class=\"name product-title woocommerce-loop-product__title\"><a href=\"https:\/\/somnismar.com\/fr\/produit\/pack-sommier-articule-electrique-arti\/\" class=\"woocommerce-LoopProduct-link woocommerce-loop-product__link\">Pack sommier articul\u00e9 \u00e9lectrique ARTI<\/a><\/p><\/div><div class=\"price-wrapper\">\n\t<span class=\"price\">a partir de <span class=\"woocommerce-Price-amount amount\"><bdi>630,00&nbsp;<span class=\"woocommerce-Price-currencySymbol\">&euro;<\/span><\/bdi><\/span><\/span>\n<\/div>\t\t<\/div>\n\t<\/div>\n\t\t<\/div>\n<\/div><div class=\"product-small col has-hover product type-product post-49334 status-publish instock product_cat-sommiers has-post-thumbnail taxable shipping-taxable purchasable product-type-variable\">\n\t<div class=\"col-inner\">\n\t\n<div class=\"badge-container absolute left top z-1\">\n\n<\/div>\n\t<div class=\"product-small box \">\n\t\t<div class=\"box-image\">\n\t\t\t<div class=\"image-fade_in_back\">\n\t\t\t\t<a href=\"https:\/\/somnismar.com\/fr\/produit\/sommier-articule-electrique-ergo\/\">\n\t\t\t\t\t<img loading=\"lazy\" decoding=\"async\" width=\"300\" height=\"300\" src=\"https:\/\/somnismar.com\/wp-content\/uploads\/2023\/09\/somier-articulado-electrico-lores-300x300.jpg\" class=\"attachment-woocommerce_thumbnail size-woocommerce_thumbnail\" alt=\"Sommier articul\u00e9 \u00e9lectrique ERGO\" srcset=\"https:\/\/somnismar.com\/wp-content\/uploads\/2023\/09\/somier-articulado-electrico-lores-300x300.jpg 300w, https:\/\/somnismar.com\/wp-content\/uploads\/2023\/09\/somier-articulado-electrico-lores-280x280.jpg 280w, https:\/\/somnismar.com\/wp-content\/uploads\/2023\/09\/somier-articulado-electrico-lores-100x100.jpg 100w\" sizes=\"auto, (max-width: 300px) 100vw, 300px\" \/>\t\t\t\t<\/a>\n\t\t\t<\/div>\n\t\t\t<div class=\"image-tools is-small top right show-on-hover\">\n\t\t\t\t\t\t\t<\/div>\n\t\t\t<div class=\"image-tools is-small hide-for-small bottom left show-on-hover\">\n\t\t\t\t\t\t\t<\/div>\n\t\t\t<div class=\"image-tools grid-tools text-center hide-for-small bottom hover-slide-in show-on-hover\">\n\t\t\t\t<a href=\"#quick-view\" class=\"quick-view\" role=\"button\" data-prod=\"49334\" aria-haspopup=\"dialog\" aria-expanded=\"false\" data-flatsome-role-button>Aper\u00e7u<\/a>\t\t\t<\/div>\n\t\t\t\t\t<\/div>\n\n\t\t<div class=\"box-text box-text-products\">\n\t\t\t<div class=\"title-wrapper\">\t\t<p class=\"category uppercase is-smaller no-text-overflow product-cat op-8\">\n\t\t\tSommiers\t\t<\/p>\n\t<p class=\"name product-title woocommerce-loop-product__title\"><a href=\"https:\/\/somnismar.com\/fr\/produit\/sommier-articule-electrique-ergo\/\" class=\"woocommerce-LoopProduct-link woocommerce-loop-product__link\">Sommier articul\u00e9 \u00e9lectrique ERGO<\/a><\/p><\/div><div class=\"price-wrapper\">\n\t<span class=\"price\">a partir de <span class=\"woocommerce-Price-amount amount\"><bdi>411,00&nbsp;<span class=\"woocommerce-Price-currencySymbol\">&euro;<\/span><\/bdi><\/span><\/span>\n<\/div>\t\t<\/div>\n\t<\/div>\n\t\t<\/div>\n<\/div><\/div>\n<div class=\"container section-title-container\" ><h3 class=\"section-title section-title-center\"><b aria-hidden=\"true\"><\/b><span class=\"section-title-main\" >Catalogue<\/span><b aria-hidden=\"true\"><\/b><\/h3><\/div>\n\n  \n    <div class=\"row large-columns-5 medium-columns-3 small-columns-2 row-small has-shadow row-box-shadow-3 slider row-slider slider-nav-reveal slider-nav-push\"  data-flickity-options='{&quot;imagesLoaded&quot;: true, &quot;groupCells&quot;: &quot;100%&quot;, &quot;dragThreshold&quot; : 5, &quot;cellAlign&quot;: &quot;left&quot;,&quot;wrapAround&quot;: true,&quot;prevNextButtons&quot;: true,&quot;percentPosition&quot;: true,&quot;pageDots&quot;: false, &quot;rightToLeft&quot;: false, &quot;autoPlay&quot; : 6000}' >\n\n  <div class=\"product-category col\" >\n            <div class=\"col-inner\">\n              <a aria-label=\"Acc\u00e9der \u00e0 la cat\u00e9gorie de produits Matelas visco\u00e9lastiques\" href=\"https:\/\/somnismar.com\/fr\/categorie-produit\/matelas-viscoelastiques\/\">                <div class=\"box box-category has-hover box-default \">\n                <div class=\"box-image\" >\n                  <div class=\"\" >\n                  <img loading=\"lazy\" decoding=\"async\" src=\"https:\/\/somnismar.com\/wp-content\/uploads\/2023\/09\/viscoelastica-categoria-250px-300x250.jpg\" alt=\"Matelas visco\u00e9lastiques\" width=\"300\" height=\"300\" \/>                                                      <\/div>\n                <\/div>\n                <div class=\"box-text text-center is-large dark\" style=\"background-color:rgb(0, 159, 216);padding:10px 10px 10px 10px;\">\n                  <div class=\"box-text-inner\">\n                      <h5 class=\"uppercase header-title\">\n                              Matelas visco\u00e9lastiques                      <\/h5>\n                                            \n                  <\/div>\n                <\/div>\n                <\/div>\n            <\/a>            <\/div>\n            <\/div><div class=\"product-category col\" >\n            <div class=\"col-inner\">\n              <a aria-label=\"Acc\u00e9der \u00e0 la cat\u00e9gorie de produits Matelas \u00e0 ressorts\" href=\"https:\/\/somnismar.com\/fr\/categorie-produit\/matelas-a-ressorts\/\">                <div class=\"box box-category has-hover box-default \">\n                <div class=\"box-image\" >\n                  <div class=\"\" >\n                  <img loading=\"lazy\" decoding=\"async\" src=\"https:\/\/somnismar.com\/wp-content\/uploads\/2023\/09\/molles-ensacades-categoria.jpg\" alt=\"Matelas \u00e0 ressorts\" width=\"300\" height=\"300\" \/>                                                      <\/div>\n                <\/div>\n                <div class=\"box-text text-center is-large dark\" style=\"background-color:rgb(0, 159, 216);padding:10px 10px 10px 10px;\">\n                  <div class=\"box-text-inner\">\n                      <h5 class=\"uppercase header-title\">\n                              Matelas \u00e0 ressorts                      <\/h5>\n                                            \n                  <\/div>\n                <\/div>\n                <\/div>\n            <\/a>            <\/div>\n            <\/div><div class=\"product-category col\" >\n            <div class=\"col-inner\">\n              <a aria-label=\"Acc\u00e9der \u00e0 la cat\u00e9gorie de produits Matelas en latex\" href=\"https:\/\/somnismar.com\/fr\/categorie-produit\/matelas-latex\/\">                <div class=\"box box-category has-hover box-default \">\n                <div class=\"box-image\" >\n                  <div class=\"\" >\n                  <img loading=\"lazy\" decoding=\"async\" src=\"https:\/\/somnismar.com\/wp-content\/uploads\/2023\/09\/latex-categoria-250px-300x250.jpg\" alt=\"Matelas en latex\" width=\"300\" height=\"300\" \/>                                                      <\/div>\n                <\/div>\n                <div class=\"box-text text-center is-large dark\" style=\"background-color:rgb(0, 159, 216);padding:10px 10px 10px 10px;\">\n                  <div class=\"box-text-inner\">\n                      <h5 class=\"uppercase header-title\">\n                              Matelas en latex                      <\/h5>\n                                            \n                  <\/div>\n                <\/div>\n                <\/div>\n            <\/a>            <\/div>\n            <\/div><div class=\"product-category col\" >\n            <div class=\"col-inner\">\n              <a aria-label=\"Acc\u00e9der \u00e0 la cat\u00e9gorie de produits Cadres lits coffres\" href=\"https:\/\/somnismar.com\/fr\/categorie-produit\/cadres-lits-coffres\/\">                <div class=\"box box-category has-hover box-default \">\n                <div class=\"box-image\" >\n                  <div class=\"\" >\n                  <img loading=\"lazy\" decoding=\"async\" src=\"https:\/\/somnismar.com\/wp-content\/uploads\/2023\/09\/canape-categoria-250px-300x250.jpg\" alt=\"Cadres lits coffres\" width=\"300\" height=\"300\" \/>                                                      <\/div>\n                <\/div>\n                <div class=\"box-text text-center is-large dark\" style=\"background-color:rgb(0, 159, 216);padding:10px 10px 10px 10px;\">\n                  <div class=\"box-text-inner\">\n                      <h5 class=\"uppercase header-title\">\n                              Cadres lits coffres                      <\/h5>\n                                            \n                  <\/div>\n                <\/div>\n                <\/div>\n            <\/a>            <\/div>\n            <\/div><div class=\"product-category col\" >\n            <div class=\"col-inner\">\n              <a aria-label=\"Acc\u00e9der \u00e0 la cat\u00e9gorie de produits Sommiers\" href=\"https:\/\/somnismar.com\/fr\/categorie-produit\/sommiers\/\">                <div class=\"box box-category has-hover box-default \">\n                <div class=\"box-image\" >\n                  <div class=\"\" >\n                  <img loading=\"lazy\" decoding=\"async\" src=\"https:\/\/somnismar.com\/wp-content\/uploads\/2023\/09\/somier-articulado-motor-250px-300x250.jpg\" alt=\"Sommiers\" width=\"300\" height=\"300\" \/>                                                      <\/div>\n                <\/div>\n                <div class=\"box-text text-center is-large dark\" style=\"background-color:rgb(0, 159, 216);padding:10px 10px 10px 10px;\">\n                  <div class=\"box-text-inner\">\n                      <h5 class=\"uppercase header-title\">\n                              Sommiers                      <\/h5>\n                                            \n                  <\/div>\n                <\/div>\n                <\/div>\n            <\/a>            <\/div>\n            <\/div><div class=\"product-category col\" >\n            <div class=\"col-inner\">\n              <a aria-label=\"Acc\u00e9der \u00e0 la cat\u00e9gorie de produits Oreillers\" href=\"https:\/\/somnismar.com\/fr\/categorie-produit\/oreillers\/\">                <div class=\"box box-category has-hover box-default \">\n                <div class=\"box-image\" >\n                  <div class=\"\" >\n                  <img loading=\"lazy\" decoding=\"async\" src=\"https:\/\/somnismar.com\/wp-content\/uploads\/2023\/09\/almohadas-categoria-250px-300x250.jpg\" alt=\"Oreillers\" width=\"300\" height=\"300\" \/>                                                      <\/div>\n                <\/div>\n                <div class=\"box-text text-center is-large dark\" style=\"background-color:rgb(0, 159, 216);padding:10px 10px 10px 10px;\">\n                  <div class=\"box-text-inner\">\n                      <h5 class=\"uppercase header-title\">\n                              Oreillers                      <\/h5>\n                                            \n                  <\/div>\n                <\/div>\n                <\/div>\n            <\/a>            <\/div>\n            <\/div><div class=\"product-category col\" >\n            <div class=\"col-inner\">\n              <a aria-label=\"Acc\u00e9der \u00e0 la cat\u00e9gorie de produits V\u00eatements maison\" href=\"https:\/\/somnismar.com\/fr\/categorie-produit\/vetements-maison\/\">                <div class=\"box box-category has-hover box-default \">\n                <div class=\"box-image\" >\n                  <div class=\"\" >\n                  <img loading=\"lazy\" decoding=\"async\" src=\"https:\/\/somnismar.com\/wp-content\/uploads\/2023\/09\/ropa-de-cama-categoria-250px-300x250.jpg\" alt=\"V\u00eatements maison\" width=\"300\" height=\"300\" \/>                                                      <\/div>\n                <\/div>\n                <div class=\"box-text text-center is-large dark\" style=\"background-color:rgb(0, 159, 216);padding:10px 10px 10px 10px;\">\n                  <div class=\"box-text-inner\">\n                      <h5 class=\"uppercase header-title\">\n                              V\u00eatements maison                      <\/h5>\n                                            \n                  <\/div>\n                <\/div>\n                <\/div>\n            <\/a>            <\/div>\n            <\/div><\/div>\n<div class=\"row\"  id=\"row-1160278235\">\n\n\t<div id=\"col-83175404\" class=\"col small-12 large-12\"  >\n\t\t\t\t<div class=\"col-inner\"  >\n\t\t\t\n\t\t\t\n<div id=\"m4109\" class=\"module text\">\n<div id=\"m4109\" class=\"module text\">\n<p>Un sommier est un support flexible sur lequel est pos\u00e9 le matelas. Il est constitu\u00e9 d&rsquo;une charpente en m\u00e9tal ou en bois sur laquelle sont pos\u00e9es transversalement une s\u00e9rie de feuilles de bois ou autre mat\u00e9riau. Ceux en bois sont g\u00e9n\u00e9ralement en h\u00eatre ou, dans leur gamme moins ch\u00e8re, en peuplier. Ils sont \u00e9galement fabriqu\u00e9s avec des feuilles de fibre de verre bien qu&rsquo;ils soient moins r\u00e9pandus. En dimensions doubles, le cadre poss\u00e8de une poutre centrale.<\/p>\n<p>La fermet\u00e9 du sommier d\u00e9pendra du nombre et de la largeur des lattes. De m\u00eame, il peut proposer des syst\u00e8mes de r\u00e9gulation de la fermet\u00e9 pour s&rsquo;adapter aux diff\u00e9rents poids des utilisateurs. L&rsquo;adaptation s&rsquo;effectue en regroupant ou en lib\u00e9rant un certain nombre de t\u00f4les en d\u00e9pla\u00e7ant quelques tendeurs.<\/p>\n<p>Un sommier articul\u00e9 poss\u00e8de une partie sup\u00e9rieure et inf\u00e9rieure mobile afin de pouvoir \u00eatre r\u00e9gl\u00e9 dans diff\u00e9rentes positions.<\/p>\n<p>Pour les personnes souffrant de probl\u00e8mes de dos, dormir sur un lit r\u00e9glable et positionn\u00e9 l\u00e9g\u00e8rement inclin\u00e9 (30\u00ba \u00e0 45\u00ba par exemple) peut \u00eatre confortable, avec le torse positionn\u00e9 plus haut que les membres inf\u00e9rieurs et un support sous les genoux pour les plier sous un l\u00e9ger angle.<\/p>\n<p><img loading=\"lazy\" decoding=\"async\" class=\"size-full wp-image-48096 aligncenter\" style=\"font-size: 14.4px; color: #555555;\" src=\"https:\/\/somnismar.com\/wp-content\/uploads\/2023\/09\/somier-articulado-motor-250px.jpg\" alt=\"somier articulado\" width=\"377\" height=\"250\" \/><\/p>\n<p>La combinaison de l\u2019inclinaison du haut du corps et du soutien des genoux peut aider \u00e0 soulager certaines tensions dans le bas du dos. \u00c0 condition que la personne soit ainsi \u00e0 l\u2019aise la nuit, cette position peut soutenir les courbes de la colonne vert\u00e9brale et soulager la pression sur l\u2019ensemble du corps.<\/p>\n<h2 class=\"subtitle\">Les bases rembourr\u00e9s<\/h2>\n<p class=\"bodytext\">Les bases rembourr\u00e9s sont des structures qui servent de support \u00e0 nos matelas; Ils sont compos\u00e9s d&rsquo;une structure p\u00e9rim\u00e9trique en acier pouvant comporter de une \u00e0 cinq barres transversales en acier pour le renforcement. Cette structure est l&rsquo;axe principal du base rembourr\u00e9 et sur celle-ci vous pouvez disposer une planche sur laquelle nous placerons le matelas. Cette planche, lorsque la base est rembourr\u00e9 de maille 3D, pr\u00e9sente des microperforations pour faciliter la circulation de l&rsquo;air vers le dessous du matelas.<\/p>\n<p><img loading=\"lazy\" decoding=\"async\" class=\"size-full wp-image-47853 aligncenter\" src=\"https:\/\/somnismar.com\/wp-content\/uploads\/2023\/08\/base-tapizada.jpg\" alt=\"base tapizada\" width=\"389\" height=\"243\" \/><\/p>\n<h2 class=\"subtitle\">Quel support choisir ?<\/h2>\n<p class=\"bodytext\">Le support d\u00e9pend, dans la plupart des cas, du type de matelas que vous souhaitez y placer. Pour les matelas \u00e0 ressorts, biocel et \u00e0 m\u00e9moire de forme, n&rsquo;importe quel sommier \u00e0 lattes ou base rembourr\u00e9 convient. Toutefois, pour les matelas en latex, le sommier doit \u00eatre un sommier \u00e0 lattes en bois (non plastifi\u00e9es). Les matelas en latex n\u00e9cessitent de transpirer des deux c\u00f4t\u00e9s et c&rsquo;est pourquoi ils n\u00e9cessitent des sommiers \u00e0 lattes. Il est n\u00e9cessaire de mentionner qu&rsquo;aucun matelas ne doit reposer sur des sommiers ou d&rsquo;autres types de sommiers susceptibles de se d\u00e9former, car dans ce cas, la dur\u00e9e de vie utile du matelas sera consid\u00e9rablement r\u00e9duite.<\/p>\n\t\t<\/div>\n\t\t\t\t\n<style>\n#col-83175404 > .col-inner {\n  padding: 0px 20px 0px 20px;\n}\n<\/style>\n\t<\/div>\n\n\t\n\n<style>\n#row-1160278235 > .col > .col-inner {\n  padding: 50px 0px 0px 0px;\n}\n<\/style>\n<\/div>\n\t\t<\/div>\n\n\t\t\n<style>\n#section_847008232 {\n  padding-top: 50px;\n  padding-bottom: 50px;\n}\n#section_847008232 .section-bg-overlay {\n  background-color: rgba(255, 255, 255, 0.901);\n}\n@media (min-width:550px) {\n  #section_847008232 {\n    padding-top: 100px;\n    padding-bottom: 100px;\n  }\n}\n<\/style>\n\t<\/section>\n\t\n","protected":false},"excerpt":{"rendered":"","protected":false},"author":1,"featured_media":0,"parent":48420,"menu_order":0,"comment_status":"closed","ping_status":"closed","template":"","meta":{"footnotes":""},"class_list":["post-48444","page","type-page","status-publish","hentry"],"_links":{"self":[{"href":"https:\/\/somnismar.com\/fr\/wp-json\/wp\/v2\/pages\/48444","targetHints":{"allow":["GET"]}}],"collection":[{"href":"https:\/\/somnismar.com\/fr\/wp-json\/wp\/v2\/pages"}],"about":[{"href":"https:\/\/somnismar.com\/fr\/wp-json\/wp\/v2\/types\/page"}],"author":[{"embeddable":true,"href":"https:\/\/somnismar.com\/fr\/wp-json\/wp\/v2\/users\/1"}],"replies":[{"embeddable":true,"href":"https:\/\/somnismar.com\/fr\/wp-json\/wp\/v2\/comments?post=48444"}],"version-history":[{"count":7,"href":"https:\/\/somnismar.com\/fr\/wp-json\/wp\/v2\/pages\/48444\/revisions"}],"predecessor-version":[{"id":50793,"href":"https:\/\/somnismar.com\/fr\/wp-json\/wp\/v2\/pages\/48444\/revisions\/50793"}],"up":[{"embeddable":true,"href":"https:\/\/somnismar.com\/fr\/wp-json\/wp\/v2\/pages\/48420"}],"wp:attachment":[{"href":"https:\/\/somnismar.com\/fr\/wp-json\/wp\/v2\/media?parent=48444"}],"curies":[{"name":"wp","href":"https:\/\/api.w.org\/{rel}","templated":true}]}}