{"id":48380,"date":"2023-08-28T17:36:28","date_gmt":"2023-08-28T17:36:28","guid":{"rendered":"https:\/\/somnismar.com\/colchones-latex-lescala\/"},"modified":"2024-12-30T20:04:11","modified_gmt":"2024-12-30T19:04:11","slug":"matelas-latex-lescala","status":"publish","type":"page","link":"https:\/\/somnismar.com\/fr\/catalogue\/matelas-latex-lescala\/","title":{"rendered":"Matelas en latex \u00e0 L&rsquo;Escala"},"content":{"rendered":"<div class=\"slider-wrapper relative\" id=\"slider-61718679\" >\n    <div class=\"slider slider-nav-circle slider-nav-large slider-nav-light slider-style-normal\"\n        data-flickity-options='{\n            \"cellAlign\": \"center\",\n            \"imagesLoaded\": true,\n            \"lazyLoad\": 1,\n            \"freeScroll\": false,\n            \"wrapAround\": true,\n            \"autoPlay\": 6000,\n            \"pauseAutoPlayOnHover\" : true,\n            \"prevNextButtons\": true,\n            \"contain\" : true,\n            \"adaptiveHeight\" : true,\n            \"dragThreshold\" : 10,\n            \"percentPosition\": true,\n            \"pageDots\": true,\n            \"rightToLeft\": false,\n            \"draggable\": true,\n            \"selectedAttraction\": 0.1,\n            \"parallax\" : 0,\n            \"friction\": 0.6        }'\n        >\n        \n\n  <div class=\"banner has-hover has-slide-effect slide-fade-in has-parallax\" id=\"banner-1628112730\">\n          <div class=\"banner-inner fill\">\n        <div class=\"banner-bg fill\" data-parallax=\"-5\" data-parallax-container=\".banner\" data-parallax-background>\n            <img loading=\"lazy\" decoding=\"async\" width=\"1020\" height=\"278\" src=\"https:\/\/somnismar.com\/wp-content\/uploads\/2023\/09\/banner_2023-1400x381.jpg\" class=\"bg attachment-large size-large\" alt=\"fotomontaje cabecera\" \/>                        <div class=\"overlay\"><\/div>            \n                    <\/div>\n\t\t\n        <div class=\"banner-layers container\">\n            <div class=\"fill banner-link\"><\/div>            \n   <div id=\"text-box-478384073\" class=\"text-box banner-layer x5 md-x10 lg-x0 y35 md-y40 lg-y40 res-text\">\n                                <div class=\"text-box-content text dark\">\n              \n\t<div class=\"is-border\"\n\t\tstyle=\"border-width:2px 2px 2px 2px;\">\n\t<\/div>\n              <div class=\"text-inner text-left\">\n                  \n<h3 style=\"text-align: center;\">Produits pour votre repos<\/h3>\n              <\/div>\n           <\/div>\n                            \n<style>\n#text-box-478384073 .text-inner {\n  padding: 10px 0px 10px 0px;\n}\n#text-box-478384073 {\n  width: 85%;\n}\n#text-box-478384073 .text-box-content {\n  font-size: 90%;\n}\n@media (min-width:550px) {\n  #text-box-478384073 {\n    width: 60%;\n  }\n  #text-box-478384073 .text-box-content {\n    font-size: 100%;\n  }\n}\n@media (min-width:850px) {\n  #text-box-478384073 {\n    width: 45%;\n  }\n}\n<\/style>\n    <\/div>\n \n        <\/div>\n      <\/div>\n\n            \n<style>\n#banner-1628112730 {\n  padding-top: 250px;\n}\n#banner-1628112730 .overlay {\n  background-color: rgba(0, 0, 0, 0.02);\n}\n#banner-1628112730 .banner-bg img {\n  object-position: 32% 58%;\n}\n@media (min-width:550px) {\n  #banner-1628112730 {\n    padding-top: 500px;\n  }\n}\n<\/style>\n  <\/div>\n\n\n     <\/div>\n\n     <div class=\"loading-spin dark large centered\"><\/div>\n\n\t<\/div>\n\n\n\n\t<section class=\"section\" id=\"section_548169315\">\n\t\t<div class=\"section-bg fill\" >\n\t\t\t<img loading=\"lazy\" decoding=\"async\" width=\"720\" height=\"480\" src=\"https:\/\/somnismar.com\/wp-content\/uploads\/2023\/09\/bckgnd-matalas-001.jpg\" class=\"bg attachment- size-\" alt=\"textura colch\u00f3n\" \/>\t\t\t\t\t\t<div class=\"section-bg-overlay absolute fill\"><\/div>\n\t\t\t\n\n\t\t<\/div>\n\n\t\t\n\n\t\t<div class=\"section-content relative\">\n\t\t\t\n<div class=\"row\"  id=\"row-1948862130\">\n\n\t<div id=\"col-470375456\" class=\"col small-12 large-12\"  >\n\t\t\t\t<div class=\"col-inner\"  >\n\t\t\t\n\t\t\t\n<div id=\"m4109\" class=\"module text\">\n<div id=\"m4109\" class=\"module text\"><div class=\"container section-title-container\" ><h1 class=\"section-title section-title-normal\"><b aria-hidden=\"true\"><\/b><span class=\"section-title-main\" style=\"font-size:150%;color:rgb(147, 101, 184);\">Matelas en latex \u00e0 L'Escala<\/span><b aria-hidden=\"true\"><\/b><\/h1><\/div>\n<h2>Qu&rsquo;est-ce qu&rsquo;un matelas en latex?<\/h2>\n<p style=\"text-align: justify;\">Chez <strong><em>SOMNIS MAR<\/em><\/strong> nous disposons des <strong>matelas en latex<\/strong> constitu\u00e9s d&rsquo;un bloc de latex envelopp\u00e9 dans une housse rembourr\u00e9e. Ce bloc est obtenu en faisant mousser le liquide obtenu \u00e0 partir de l&rsquo;arbre Heveas Brasiliensis et en le versant dans un moule pour former le noyau des matelas en latex. G\u00e9n\u00e9ralement, il comporte des trous qui permettent la circulation de l\u2019air et qui sont in\u00e9galement r\u00e9partis sur la surface pour cr\u00e9er diff\u00e9rentes zones de confort.<\/p>\n<p>D\u00e9couvrez toutes nos offres. Contactez-nous ou visitez-nous \u00e0 <a href=\"\/fr\/contact\/\">L&rsquo;Escala<\/a>.<\/p>\n\t\t<\/div>\n\t\t\t\t\n<style>\n#col-470375456 > .col-inner {\n  padding: 0px 20px 0px 20px;\n}\n<\/style>\n\t<\/div>\n\n\t\n<\/div>\n\t\n  \n    <div class=\"row large-columns-4 medium-columns-3 small-columns-2 row-small slider row-slider slider-nav-reveal slider-nav-push\"  data-flickity-options='{&quot;imagesLoaded&quot;: true, &quot;groupCells&quot;: &quot;100%&quot;, &quot;dragThreshold&quot; : 5, &quot;cellAlign&quot;: &quot;left&quot;,&quot;wrapAround&quot;: true,&quot;prevNextButtons&quot;: true,&quot;percentPosition&quot;: true,&quot;pageDots&quot;: false, &quot;rightToLeft&quot;: false, &quot;autoPlay&quot; : false}' >\n\n  \n\t     <div class=\"product-small col has-hover product type-product post-51403 status-publish first instock product_cat-matelas-latex has-post-thumbnail taxable shipping-taxable purchasable product-type-variable\">\n\t<div class=\"col-inner\">\n\t\n<div class=\"badge-container absolute left top z-1\">\n\n<\/div>\n\t<div class=\"product-small box \">\n\t\t<div class=\"box-image\">\n\t\t\t<div class=\"image-fade_in_back\">\n\t\t\t\t<a href=\"https:\/\/somnismar.com\/fr\/produit\/matelas-latex-mio\/\">\n\t\t\t\t\t<img loading=\"lazy\" decoding=\"async\" width=\"300\" height=\"300\" src=\"https:\/\/somnismar.com\/wp-content\/uploads\/2025\/11\/colchon-latex-mio-Medium-300x300.jpg\" class=\"attachment-woocommerce_thumbnail size-woocommerce_thumbnail\" alt=\"Matelas en l\u00e1tex MIO\" srcset=\"https:\/\/somnismar.com\/wp-content\/uploads\/2025\/11\/colchon-latex-mio-Medium-300x300.jpg 300w, https:\/\/somnismar.com\/wp-content\/uploads\/2025\/11\/colchon-latex-mio-Medium-280x280.jpg 280w, https:\/\/somnismar.com\/wp-content\/uploads\/2025\/11\/colchon-latex-mio-Medium-100x100.jpg 100w\" sizes=\"auto, (max-width: 300px) 100vw, 300px\" \/><img loading=\"lazy\" decoding=\"async\" width=\"300\" height=\"250\" src=\"https:\/\/somnismar.com\/wp-content\/uploads\/2023\/09\/latex-categoria-250px-300x250.jpg\" class=\"show-on-hover absolute fill hide-for-small back-image\" alt=\"Alternative view of Matelas en l\u00e1tex MIO\" aria-hidden=\"true\" \/>\t\t\t\t<\/a>\n\t\t\t<\/div>\n\t\t\t<div class=\"image-tools is-small top right show-on-hover\">\n\t\t\t\t\t\t\t<\/div>\n\t\t\t<div class=\"image-tools is-small hide-for-small bottom left show-on-hover\">\n\t\t\t\t\t\t\t<\/div>\n\t\t\t<div class=\"image-tools grid-tools text-center hide-for-small bottom hover-slide-in show-on-hover\">\n\t\t\t\t<a href=\"#quick-view\" class=\"quick-view\" role=\"button\" data-prod=\"51403\" aria-haspopup=\"dialog\" aria-expanded=\"false\" data-flatsome-role-button>Aper\u00e7u<\/a>\t\t\t<\/div>\n\t\t\t\t\t<\/div>\n\n\t\t<div class=\"box-text box-text-products\">\n\t\t\t<div class=\"title-wrapper\">\t\t<p class=\"category uppercase is-smaller no-text-overflow product-cat op-8\">\n\t\t\tMatelas en latex\t\t<\/p>\n\t<p class=\"name product-title woocommerce-loop-product__title\"><a href=\"https:\/\/somnismar.com\/fr\/produit\/matelas-latex-mio\/\" class=\"woocommerce-LoopProduct-link woocommerce-loop-product__link\">Matelas en l\u00e1tex MIO<\/a><\/p><\/div><div class=\"price-wrapper\">\n\t<span class=\"price\">a partir de <span class=\"woocommerce-Price-amount amount\"><bdi>443,00&nbsp;<span class=\"woocommerce-Price-currencySymbol\">&euro;<\/span><\/bdi><\/span><\/span>\n<\/div>\t\t<\/div>\n\t<\/div>\n\t\t<\/div>\n<\/div><\/div>\n<div class=\"container section-title-container\" ><h3 class=\"section-title section-title-center\"><b aria-hidden=\"true\"><\/b><span class=\"section-title-main\" >Catalogue<\/span><b aria-hidden=\"true\"><\/b><\/h3><\/div>\n\n  \n    <div class=\"row large-columns-5 medium-columns-3 small-columns-2 row-small has-shadow row-box-shadow-3 slider row-slider slider-nav-reveal slider-nav-push\"  data-flickity-options='{&quot;imagesLoaded&quot;: true, &quot;groupCells&quot;: &quot;100%&quot;, &quot;dragThreshold&quot; : 5, &quot;cellAlign&quot;: &quot;left&quot;,&quot;wrapAround&quot;: true,&quot;prevNextButtons&quot;: true,&quot;percentPosition&quot;: true,&quot;pageDots&quot;: false, &quot;rightToLeft&quot;: false, &quot;autoPlay&quot; : 6000}' >\n\n  <div class=\"product-category col\" >\n            <div class=\"col-inner\">\n              <a aria-label=\"Acc\u00e9der \u00e0 la cat\u00e9gorie de produits Matelas visco\u00e9lastiques\" href=\"https:\/\/somnismar.com\/fr\/categorie-produit\/matelas-viscoelastiques\/\">                <div class=\"box box-category has-hover box-default \">\n                <div class=\"box-image\" >\n                  <div class=\"\" >\n                  <img loading=\"lazy\" decoding=\"async\" src=\"https:\/\/somnismar.com\/wp-content\/uploads\/2023\/09\/viscoelastica-categoria-250px-300x250.jpg\" alt=\"Matelas visco\u00e9lastiques\" width=\"300\" height=\"300\" \/>                                                      <\/div>\n                <\/div>\n                <div class=\"box-text text-center is-large dark\" style=\"background-color:rgb(0, 159, 216);padding:10px 10px 10px 10px;\">\n                  <div class=\"box-text-inner\">\n                      <h5 class=\"uppercase header-title\">\n                              Matelas visco\u00e9lastiques                      <\/h5>\n                                            \n                  <\/div>\n                <\/div>\n                <\/div>\n            <\/a>            <\/div>\n            <\/div><div class=\"product-category col\" >\n            <div class=\"col-inner\">\n              <a aria-label=\"Acc\u00e9der \u00e0 la cat\u00e9gorie de produits Matelas \u00e0 ressorts\" href=\"https:\/\/somnismar.com\/fr\/categorie-produit\/matelas-a-ressorts\/\">                <div class=\"box box-category has-hover box-default \">\n                <div class=\"box-image\" >\n                  <div class=\"\" >\n                  <img loading=\"lazy\" decoding=\"async\" src=\"https:\/\/somnismar.com\/wp-content\/uploads\/2023\/09\/molles-ensacades-categoria.jpg\" alt=\"Matelas \u00e0 ressorts\" width=\"300\" height=\"300\" \/>                                                      <\/div>\n                <\/div>\n                <div class=\"box-text text-center is-large dark\" style=\"background-color:rgb(0, 159, 216);padding:10px 10px 10px 10px;\">\n                  <div class=\"box-text-inner\">\n                      <h5 class=\"uppercase header-title\">\n                              Matelas \u00e0 ressorts                      <\/h5>\n                                            \n                  <\/div>\n                <\/div>\n                <\/div>\n            <\/a>            <\/div>\n            <\/div><div class=\"product-category col\" >\n            <div class=\"col-inner\">\n              <a aria-label=\"Acc\u00e9der \u00e0 la cat\u00e9gorie de produits Matelas en latex\" href=\"https:\/\/somnismar.com\/fr\/categorie-produit\/matelas-latex\/\">                <div class=\"box box-category has-hover box-default \">\n                <div class=\"box-image\" >\n                  <div class=\"\" >\n                  <img loading=\"lazy\" decoding=\"async\" src=\"https:\/\/somnismar.com\/wp-content\/uploads\/2023\/09\/latex-categoria-250px-300x250.jpg\" alt=\"Matelas en latex\" width=\"300\" height=\"300\" \/>                                                      <\/div>\n                <\/div>\n                <div class=\"box-text text-center is-large dark\" style=\"background-color:rgb(0, 159, 216);padding:10px 10px 10px 10px;\">\n                  <div class=\"box-text-inner\">\n                      <h5 class=\"uppercase header-title\">\n                              Matelas en latex                      <\/h5>\n                                            \n                  <\/div>\n                <\/div>\n                <\/div>\n            <\/a>            <\/div>\n            <\/div><div class=\"product-category col\" >\n            <div class=\"col-inner\">\n              <a aria-label=\"Acc\u00e9der \u00e0 la cat\u00e9gorie de produits Cadres lits coffres\" href=\"https:\/\/somnismar.com\/fr\/categorie-produit\/cadres-lits-coffres\/\">                <div class=\"box box-category has-hover box-default \">\n                <div class=\"box-image\" >\n                  <div class=\"\" >\n                  <img loading=\"lazy\" decoding=\"async\" src=\"https:\/\/somnismar.com\/wp-content\/uploads\/2023\/09\/canape-categoria-250px-300x250.jpg\" alt=\"Cadres lits coffres\" width=\"300\" height=\"300\" \/>                                                      <\/div>\n                <\/div>\n                <div class=\"box-text text-center is-large dark\" style=\"background-color:rgb(0, 159, 216);padding:10px 10px 10px 10px;\">\n                  <div class=\"box-text-inner\">\n                      <h5 class=\"uppercase header-title\">\n                              Cadres lits coffres                      <\/h5>\n                                            \n                  <\/div>\n                <\/div>\n                <\/div>\n            <\/a>            <\/div>\n            <\/div><div class=\"product-category col\" >\n            <div class=\"col-inner\">\n              <a aria-label=\"Acc\u00e9der \u00e0 la cat\u00e9gorie de produits Sommiers\" href=\"https:\/\/somnismar.com\/fr\/categorie-produit\/sommiers\/\">                <div class=\"box box-category has-hover box-default \">\n                <div class=\"box-image\" >\n                  <div class=\"\" >\n                  <img loading=\"lazy\" decoding=\"async\" src=\"https:\/\/somnismar.com\/wp-content\/uploads\/2023\/09\/somier-articulado-motor-250px-300x250.jpg\" alt=\"Sommiers\" width=\"300\" height=\"300\" \/>                                                      <\/div>\n                <\/div>\n                <div class=\"box-text text-center is-large dark\" style=\"background-color:rgb(0, 159, 216);padding:10px 10px 10px 10px;\">\n                  <div class=\"box-text-inner\">\n                      <h5 class=\"uppercase header-title\">\n                              Sommiers                      <\/h5>\n                                            \n                  <\/div>\n                <\/div>\n                <\/div>\n            <\/a>            <\/div>\n            <\/div><div class=\"product-category col\" >\n            <div class=\"col-inner\">\n              <a aria-label=\"Acc\u00e9der \u00e0 la cat\u00e9gorie de produits Oreillers\" href=\"https:\/\/somnismar.com\/fr\/categorie-produit\/oreillers\/\">                <div class=\"box box-category has-hover box-default \">\n                <div class=\"box-image\" >\n                  <div class=\"\" >\n                  <img loading=\"lazy\" decoding=\"async\" src=\"https:\/\/somnismar.com\/wp-content\/uploads\/2023\/09\/almohadas-categoria-250px-300x250.jpg\" alt=\"Oreillers\" width=\"300\" height=\"300\" \/>                                                      <\/div>\n                <\/div>\n                <div class=\"box-text text-center is-large dark\" style=\"background-color:rgb(0, 159, 216);padding:10px 10px 10px 10px;\">\n                  <div class=\"box-text-inner\">\n                      <h5 class=\"uppercase header-title\">\n                              Oreillers                      <\/h5>\n                                            \n                  <\/div>\n                <\/div>\n                <\/div>\n            <\/a>            <\/div>\n            <\/div><div class=\"product-category col\" >\n            <div class=\"col-inner\">\n              <a aria-label=\"Acc\u00e9der \u00e0 la cat\u00e9gorie de produits V\u00eatements maison\" href=\"https:\/\/somnismar.com\/fr\/categorie-produit\/vetements-maison\/\">                <div class=\"box box-category has-hover box-default \">\n                <div class=\"box-image\" >\n                  <div class=\"\" >\n                  <img loading=\"lazy\" decoding=\"async\" src=\"https:\/\/somnismar.com\/wp-content\/uploads\/2023\/09\/ropa-de-cama-categoria-250px-300x250.jpg\" alt=\"V\u00eatements maison\" width=\"300\" height=\"300\" \/>                                                      <\/div>\n                <\/div>\n                <div class=\"box-text text-center is-large dark\" style=\"background-color:rgb(0, 159, 216);padding:10px 10px 10px 10px;\">\n                  <div class=\"box-text-inner\">\n                      <h5 class=\"uppercase header-title\">\n                              V\u00eatements maison                      <\/h5>\n                                            \n                  <\/div>\n                <\/div>\n                <\/div>\n            <\/a>            <\/div>\n            <\/div><\/div>\n<div class=\"row\"  id=\"row-1245050236\">\n\n\t<div id=\"col-602979522\" class=\"col small-12 large-12\"  >\n\t\t\t\t<div class=\"col-inner\"  >\n\t\t\t\n\t\t\t\n<div id=\"m4109\" class=\"module text\">\n<div id=\"m4109\" class=\"module text\">\n<p style=\"text-align: justify;\">Le latex s&rsquo;adapte au corps plus uniform\u00e9ment que les ressorts. L&rsquo;adaptabilit\u00e9 du latex rend les matelas id\u00e9aux pour \u00eatre combin\u00e9s avec des sommiers pliants ou des sommiers articul\u00e9s.<\/p>\n<h3>Propri\u00e9t\u00e9s:<\/h3>\n<ul>\n<li class=\"bodytext\" style=\"text-align: justify;\">Synth\u00e9tique \u2013 Obtenu \u00e0 partir d\u2019une formulation synth\u00e9tique de latex.<\/li>\n<li class=\"bodytext\" style=\"text-align: justify;\">M\u00e9lange : De 20 % de latex \u00e0 50 %, associ\u00e9 \u00e0 des mousses. Ils sont g\u00e9n\u00e9ralement moins sujets \u00e0 l\u2019humidit\u00e9 et sont moins lourds que le latex naturel.<\/li>\n<li class=\"bodytext\" style=\"text-align: justify;\">Naturel\u00a0:\u00a0\u00e0 partir de 85\u00a0% de latex et le reste de mousses ou d&rsquo;autres types de mat\u00e9riaux.<\/li>\n<\/ul>\n<p style=\"text-align: justify;\">Le latex doit \u00eatre diffus\u00e9 au moins deux fois par semaine. Si le pourcentage de latex naturel est trop \u00e9lev\u00e9, le matelas sera tr\u00e8s lourd.<\/p>\n\t\t<\/div>\n\t\t\t\t\n<style>\n#col-602979522 > .col-inner {\n  padding: 0px 20px 0px 20px;\n}\n<\/style>\n\t<\/div>\n\n\t\n\n<style>\n#row-1245050236 > .col > .col-inner {\n  padding: 50px 0px 0px 0px;\n}\n<\/style>\n<\/div>\n\t\t<\/div>\n\n\t\t\n<style>\n#section_548169315 {\n  padding-top: 50px;\n  padding-bottom: 50px;\n}\n#section_548169315 .section-bg-overlay {\n  background-color: rgba(255, 255, 255, 0.901);\n}\n@media (min-width:550px) {\n  #section_548169315 {\n    padding-top: 100px;\n    padding-bottom: 100px;\n  }\n}\n<\/style>\n\t<\/section>\n\t\n<\/div>\n<\/div>\n<\/div>\n<\/div>\n","protected":false},"excerpt":{"rendered":"","protected":false},"author":1,"featured_media":0,"parent":48420,"menu_order":0,"comment_status":"closed","ping_status":"closed","template":"","meta":{"footnotes":""},"class_list":["post-48380","page","type-page","status-publish","hentry"],"_links":{"self":[{"href":"https:\/\/somnismar.com\/fr\/wp-json\/wp\/v2\/pages\/48380","targetHints":{"allow":["GET"]}}],"collection":[{"href":"https:\/\/somnismar.com\/fr\/wp-json\/wp\/v2\/pages"}],"about":[{"href":"https:\/\/somnismar.com\/fr\/wp-json\/wp\/v2\/types\/page"}],"author":[{"embeddable":true,"href":"https:\/\/somnismar.com\/fr\/wp-json\/wp\/v2\/users\/1"}],"replies":[{"embeddable":true,"href":"https:\/\/somnismar.com\/fr\/wp-json\/wp\/v2\/comments?post=48380"}],"version-history":[{"count":7,"href":"https:\/\/somnismar.com\/fr\/wp-json\/wp\/v2\/pages\/48380\/revisions"}],"predecessor-version":[{"id":50795,"href":"https:\/\/somnismar.com\/fr\/wp-json\/wp\/v2\/pages\/48380\/revisions\/50795"}],"up":[{"embeddable":true,"href":"https:\/\/somnismar.com\/fr\/wp-json\/wp\/v2\/pages\/48420"}],"wp:attachment":[{"href":"https:\/\/somnismar.com\/fr\/wp-json\/wp\/v2\/media?parent=48380"}],"curies":[{"name":"wp","href":"https:\/\/api.w.org\/{rel}","templated":true}]}}