{"id":40389,"date":"2021-04-27T17:52:41","date_gmt":"2021-04-27T17:52:41","guid":{"rendered":"http:\/\/somnismar.com\/cookie-policy\/"},"modified":"2023-09-21T07:49:18","modified_gmt":"2023-09-21T07:49:18","slug":"cookies","status":"publish","type":"page","link":"https:\/\/somnismar.com\/fr\/cookies\/","title":{"rendered":"Politique des Cookies"},"content":{"rendered":"<div class=\"cli_pg_page_contaner\">\n\n\t<section class=\"section\" id=\"section_2000190329\">\n\t\t<div class=\"section-bg fill\" >\n\t\t\t\t\t\t\t\t\t\n\t\t\t\n\n\t\t<\/div>\n\n\t\t\n\n\t\t<div class=\"section-content relative\">\n\t\t\t\n<div class=\"row\"  id=\"row-798491200\">\n\n\t<div id=\"col-1102023789\" class=\"col small-12 large-12\"  >\n\t\t\t\t<div class=\"col-inner\"  >\n\t\t\t\n\t\t\t\n<h2>Politique des Cookies<\/h2>\n<h3>\u00c0 propos de cette politique de cookies<\/h3>\n<p>Cette politique en mati\u00e8re de cookies explique ce que sont les cookies et comment nous les utilisons, les types de cookies que nous utilisons, c&rsquo;est-\u00e0-dire les informations que nous collectons \u00e0 l&rsquo;aide de cookies et comment ces informations sont utilis\u00e9es, et comment contr\u00f4ler les pr\u00e9f\u00e9rences de cookies. Pour plus d&rsquo;informations sur la mani\u00e8re dont nous utilisons, stockons et gardons vos donn\u00e9es personnelles en s\u00e9curit\u00e9, consultez notre Politique de confidentialit\u00e9.<\/p>\n<p>Vous pouvez \u00e0 tout moment modifier ou retirer votre consentement \u00e0 la d\u00e9claration relative aux cookies sur notre site Web<br \/>\nApprenez-en plus sur qui nous sommes, comment vous pouvez nous contacter et comment nous traitons les donn\u00e9es personnelles dans notre politique de confidentialit\u00e9.<br \/>\nVotre consentement s&rsquo;applique aux domaines suivants: <strong><i>somnismar.com<\/i><\/strong><br \/>\n<div class=\"cli_user_consent_state\">Votre \u00e9tat actuel\u00a0: Aucun consentement donn\u00e9. <a class=\"cli_manage_current_consent\" style=\"cursor:pointer;text-decoration:underline;\">G\u00e9rez votre consentement.<\/a> <\/div>\n<h3><\/h3>\n<h3>Que sont les cookies?<\/h3>\n<p>Les cookies sont de petits fichiers texte utilis\u00e9s pour stocker de petites informations. Ils sont stock\u00e9s sur votre appareil lorsque le site Web est charg\u00e9 sur votre navigateur. Ces cookies nous aident \u00e0 faire fonctionner correctement le site Web, \u00e0 le rendre plus s\u00e9curis\u00e9, \u00e0 offrir une meilleure exp\u00e9rience utilisateur, \u00e0 comprendre comment le site Web fonctionne et \u00e0 analyser ce qui fonctionne et o\u00f9 il doit \u00eatre am\u00e9lior\u00e9.<\/p>\n<h3>Comment utilisons-nous les cookies?<\/h3>\n<p>Comme la plupart des services en ligne, notre site Web utilise des cookies propri\u00e9taires et tiers \u00e0 plusieurs fins. Les cookies de premi\u00e8re partie sont principalement n\u00e9cessaires au bon fonctionnement du site Web et ils ne collectent aucune de vos donn\u00e9es personnellement identifiables.<\/p>\n<p>Les cookies tiers utilis\u00e9s sur notre site Web servent principalement \u00e0 comprendre comment le site Web fonctionne, comment vous interagissez avec notre site Web, \u00e0 garder nos services s\u00e9curis\u00e9s, \u00e0 fournir des publicit\u00e9s pertinentes pour vous, et dans l&rsquo;ensemble, vous fournir un utilisateur meilleur et am\u00e9lior\u00e9. exp\u00e9rience et aide \u00e0 acc\u00e9l\u00e9rer vos futures interactions avec notre site Web.<\/p>\n<h3>Quels types de cookies utilisons-nous?<\/h3>\n<p><strong><i>N\u00c9CESSAIRES<\/i><\/strong>:<br \/>\ncertains cookies sont essentiels pour que vous puissiez profiter de toutes les fonctionnalit\u00e9s de notre site. Ils nous permettent de maintenir les sessions utilisateurs et de pr\u00e9venir toute menace de s\u00e9curit\u00e9. Ils ne collectent ni ne stockent aucune information personnelle. Par exemple, ces cookies vous permettent de vous connecter \u00e0 votre compte et d&rsquo;ajouter des produits \u00e0 votre panier, et de commander en toute s\u00e9curit\u00e9.<\/p>\n<p>Cookies <em>N\u00c9CESSAIRES<\/em> utilis\u00e9s dans cet site web:<br \/>\n<table class=\"cookielawinfo-row-cat-table cookielawinfo-winter\"><thead><tr><th class=\"cookielawinfo-column-1\">Cookie<\/th><th class=\"cookielawinfo-column-3\">Dur\u00e9e<\/th><th class=\"cookielawinfo-column-4\">Description<\/th><\/tr><\/thead><tbody><tr class=\"cookielawinfo-row\"><td class=\"cookielawinfo-column-1\">_GRECAPTCHA<\/td><td class=\"cookielawinfo-column-3\">6 meses<\/td><td class=\"cookielawinfo-column-4\">El servicio Recaptcha de Google establece esta cookie para identificar robots para proteger el sitio web contra ataques de spam maliciosos.<\/td><\/tr><tr class=\"cookielawinfo-row\"><td class=\"cookielawinfo-column-1\">cookielawinfo-checkbox-analytics<\/td><td class=\"cookielawinfo-column-3\">11 meses<\/td><td class=\"cookielawinfo-column-4\">Cookie d\u00e9fini par le plugin GDPR Cookie Consent pour m\u00e9moriser le consentement de l'utilisateur pour les cookies class\u00e9s comme \u201cAnalytiques\u201d.<\/td><\/tr><tr class=\"cookielawinfo-row\"><td class=\"cookielawinfo-column-1\">cookielawinfo-checkbox-necessary<\/td><td class=\"cookielawinfo-column-3\">11 meses<\/td><td class=\"cookielawinfo-column-4\">Cookie d\u00e9fini par le plugin GDPR Cookie Consent pour m\u00e9moriser le consentement de l'utilisateur pour les cookies class\u00e9s comme \u201cObligatoires\u201d.<\/td><\/tr><tr class=\"cookielawinfo-row\"><td class=\"cookielawinfo-column-1\">CookieLawInfoConsent<\/td><td class=\"cookielawinfo-column-3\">1 a\u00f1o<\/td><td class=\"cookielawinfo-column-4\">Cookie generada por el plugin GDPR Cookie Consent y que se utiliza para almacenar el consentimiento del usuario para las cookies en la categor\u00eda \"No Necesarias\".<\/td><\/tr><tr class=\"cookielawinfo-row\"><td class=\"cookielawinfo-column-1\">rc::a<\/td><td class=\"cookielawinfo-column-3\">persistente<\/td><td class=\"cookielawinfo-column-4\">Esta cookie la configura el servicio de recaptcha de Google para identificar robots para proteger el sitio web de ataques de spam maliciosos.<\/td><\/tr><tr class=\"cookielawinfo-row\"><td class=\"cookielawinfo-column-1\">rc::b<\/td><td class=\"cookielawinfo-column-3\">sesi\u00f3n<\/td><td class=\"cookielawinfo-column-4\">Esta cookie la configura el servicio de recaptcha de Google para identificar robots para proteger el sitio web de ataques de spam maliciosos.<\/td><\/tr><tr class=\"cookielawinfo-row\"><td class=\"cookielawinfo-column-1\">rc::c<\/td><td class=\"cookielawinfo-column-3\">sesi\u00f3n<\/td><td class=\"cookielawinfo-column-4\">Esta cookie la configura el servicio de recaptcha de Google para identificar robots para proteger el sitio web de ataques de spam maliciosos.<\/td><\/tr><tr class=\"cookielawinfo-row\"><td class=\"cookielawinfo-column-1\">rc::f<\/td><td class=\"cookielawinfo-column-3\">persistent<\/td><td class=\"cookielawinfo-column-4\">Esta cookie la configura el servicio de recaptcha de Google para identificar robots para proteger el sitio web de ataques de spam maliciosos.<\/td><\/tr><tr class=\"cookielawinfo-row\"><td class=\"cookielawinfo-column-1\">viewed_cookie_policy<\/td><td class=\"cookielawinfo-column-3\">11 meses<\/td><td class=\"cookielawinfo-column-4\">Cookie d\u00e9fini par le plugin GDPR Cookie Consent pour stocker si l'utilisateur a ou non consenti \u00e0 l'utilisation de cookies.<\/td><\/tr><tr class=\"cookielawinfo-row\"><td class=\"cookielawinfo-column-1\">wp-wpml_current_language<\/td><td class=\"cookielawinfo-column-3\">1 d\u00eda<\/td><td class=\"cookielawinfo-column-4\">Cookie utilis\u00e9 par le plugin WPML. Enregistrez les param\u00e8tres de langue.<\/td><\/tr><tr class=\"cookielawinfo-row\"><td class=\"cookielawinfo-column-1\">wpEmojiSettingsSupports<\/td><td class=\"cookielawinfo-column-3\">sesi\u00f3n<\/td><td class=\"cookielawinfo-column-4\">WordPress establece esta cookie cuando un usuario interact\u00faa con emojis en un sitio de WordPress. Ayuda a determinar si el navegador del usuario puede mostrar los emojis correctamente.<\/td><\/tr><\/tbody><\/table>\n<p><strong><i>STATYSTIQUES<\/i><\/strong>: ces cookies stockent des informations telles que le nombre de visiteurs sur le site Web, le nombre de visiteurs uniques, les pages du site Web visit\u00e9es, la source de la visite, etc. Ces donn\u00e9es nous aident \u00e0 comprendre et \u00e0 analyser les performances du site Web. et l\u00e0 o\u00f9 elle doit \u00eatre am\u00e9lior\u00e9e.<\/p>\n<p>Cookies <em>STATYSTIQUES <\/em>utilis\u00e9s dans cet site web:<br \/>\n\n<p><strong><i>Fonctionnel<\/i><\/strong>: ce sont les cookies qui aident certaines fonctionnalit\u00e9s non essentielles de notre site Web. Ces fonctionnalit\u00e9s incluent l&rsquo;int\u00e9gration de contenu tel que des vid\u00e9os ou le partage de contenu du site Web sur des plateformes de m\u00e9dias sociaux.<\/p>\n<p><strong><i>Pr\u00e9f\u00e9rences<\/i><\/strong>: ces cookies nous aident \u00e0 stocker vos param\u00e8tres et vos pr\u00e9f\u00e9rences de navigation, comme les pr\u00e9f\u00e9rences linguistiques, afin que vous ayez une exp\u00e9rience meilleure et efficace lors de vos futures visites sur le site.<\/p>\n<h3>Comment puis-je contr\u00f4ler les pr\u00e9f\u00e9rences des cookies?<\/h3>\n<p>Si vous d\u00e9cidez de modifier vos pr\u00e9f\u00e9rences ult\u00e9rieurement au cours de votre session de navigation, vous pouvez cliquer sur l&rsquo;onglet \u00abPolitique de confidentialit\u00e9 et de cookies\u00bb sur votre \u00e9cran. Cela affichera \u00e0 nouveau l&rsquo;avis de consentement, vous permettant de modifier vos pr\u00e9f\u00e9rences ou de retirer votre consentement enti\u00e8rement.<\/p>\n<p>En plus de cela, diff\u00e9rents navigateurs proposent diff\u00e9rentes m\u00e9thodes pour bloquer et supprimer les cookies utilis\u00e9s par les sites Web. Vous pouvez modifier les param\u00e8tres de votre navigateur pour bloquer \/ supprimer les cookies. Pour en savoir plus sur la gestion et la suppression des cookies, visitez wikipedia.org, www.allaboutcookies.org.<\/p>\n\t\t<\/div>\n\t\t\t\t\n<style>\n#col-1102023789 > .col-inner {\n  padding: 0px 20px 0px 20px;\n}\n<\/style>\n\t<\/div>\n\n\t\n<\/div>\n\t\t<\/div>\n\n\t\t\n<style>\n#section_2000190329 {\n  padding-top: 30px;\n  padding-bottom: 30px;\n}\n<\/style>\n\t<\/section>\n\t\n<\/div>\n","protected":false},"excerpt":{"rendered":"","protected":false},"author":1,"featured_media":0,"parent":0,"menu_order":0,"comment_status":"closed","ping_status":"closed","template":"","meta":{"footnotes":""},"class_list":["post-40389","page","type-page","status-publish","hentry"],"_links":{"self":[{"href":"https:\/\/somnismar.com\/fr\/wp-json\/wp\/v2\/pages\/40389","targetHints":{"allow":["GET"]}}],"collection":[{"href":"https:\/\/somnismar.com\/fr\/wp-json\/wp\/v2\/pages"}],"about":[{"href":"https:\/\/somnismar.com\/fr\/wp-json\/wp\/v2\/types\/page"}],"author":[{"embeddable":true,"href":"https:\/\/somnismar.com\/fr\/wp-json\/wp\/v2\/users\/1"}],"replies":[{"embeddable":true,"href":"https:\/\/somnismar.com\/fr\/wp-json\/wp\/v2\/comments?post=40389"}],"version-history":[{"count":3,"href":"https:\/\/somnismar.com\/fr\/wp-json\/wp\/v2\/pages\/40389\/revisions"}],"predecessor-version":[{"id":48757,"href":"https:\/\/somnismar.com\/fr\/wp-json\/wp\/v2\/pages\/40389\/revisions\/48757"}],"wp:attachment":[{"href":"https:\/\/somnismar.com\/fr\/wp-json\/wp\/v2\/media?parent=40389"}],"curies":[{"name":"wp","href":"https:\/\/api.w.org\/{rel}","templated":true}]}}