{"id":52674,"date":"2026-04-08T15:38:24","date_gmt":"2026-04-08T14:38:24","guid":{"rendered":"https:\/\/somnismar.com\/?post_type=product&#038;p=52674"},"modified":"2026-04-08T15:46:16","modified_gmt":"2026-04-08T14:46:16","slug":"matalas-de-molles-ensacades-viscoelastica-nube-oferta","status":"publish","type":"product","link":"https:\/\/somnismar.com\/ca\/producte\/matalas-de-molles-ensacades-viscoelastica-nube-oferta\/","title":{"rendered":"Matal\u00e0s de molles ensacades + viscoel\u00e0stica NUBE OFERTA"},"content":{"rendered":"<p><strong>Matal\u00e0s de molles ensacades<\/strong> i viscoel\u00e0stica model NUBE<\/p>\n<div>&#8211; amb viscoel\u00e0stica<\/div>\n<div>&#8211; 28cm alt<\/div>\n<div><\/div>\n<div><strong>OFERTA ABRIL!!<\/strong><\/div>\n","protected":false},"excerpt":{"rendered":"<p><strong>Matal\u00e0s de molles ensacades<\/strong> i viscoel\u00e0stica model NUBE<\/p>\n<div>&#8211; amb viscoel\u00e0stica<\/div>\n<div>&#8211; 28cm alt<\/div>\n<div><\/div>\n<div><strong>OFERTA ABRIL!!<\/strong><\/div>\n","protected":false},"featured_media":52738,"comment_status":"closed","ping_status":"closed","template":"","meta":[],"product_brand":[],"product_cat":[529,351],"product_tag":[],"class_list":{"0":"post-52674","1":"product","2":"type-product","3":"status-publish","4":"has-post-thumbnail","6":"product_cat-ofertes","7":"product_cat-matalassos-molles","9":"first","10":"instock","11":"sale","12":"taxable","13":"shipping-taxable","14":"purchasable","15":"product-type-variable"},"_links":{"self":[{"href":"https:\/\/somnismar.com\/ca\/wp-json\/wp\/v2\/product\/52674","targetHints":{"allow":["GET"]}}],"collection":[{"href":"https:\/\/somnismar.com\/ca\/wp-json\/wp\/v2\/product"}],"about":[{"href":"https:\/\/somnismar.com\/ca\/wp-json\/wp\/v2\/types\/product"}],"replies":[{"embeddable":true,"href":"https:\/\/somnismar.com\/ca\/wp-json\/wp\/v2\/comments?post=52674"}],"wp:featuredmedia":[{"embeddable":true,"href":"https:\/\/somnismar.com\/ca\/wp-json\/wp\/v2\/media\/52738"}],"wp:attachment":[{"href":"https:\/\/somnismar.com\/ca\/wp-json\/wp\/v2\/media?parent=52674"}],"wp:term":[{"taxonomy":"product_brand","embeddable":true,"href":"https:\/\/somnismar.com\/ca\/wp-json\/wp\/v2\/product_brand?post=52674"},{"taxonomy":"product_cat","embeddable":true,"href":"https:\/\/somnismar.com\/ca\/wp-json\/wp\/v2\/product_cat?post=52674"},{"taxonomy":"product_tag","embeddable":true,"href":"https:\/\/somnismar.com\/ca\/wp-json\/wp\/v2\/product_tag?post=52674"}],"curies":[{"name":"wp","href":"https:\/\/api.w.org\/{rel}","templated":true}]}}