{"id":51465,"date":"2025-11-14T16:34:18","date_gmt":"2025-11-14T15:34:18","guid":{"rendered":"https:\/\/somnismar.com\/?post_type=product&#038;p=51465"},"modified":"2025-11-14T17:28:18","modified_gmt":"2025-11-14T16:28:18","slug":"matalas-viscoelastic-mod10","status":"publish","type":"product","link":"https:\/\/somnismar.com\/ca\/producte\/matalas-viscoelastic-mod10\/","title":{"rendered":"Matal\u00e0s viscoel\u00e0stic MOD10"},"content":{"rendered":"<p><strong>Matal\u00e0s de viscoel\u00e0stica <\/strong>MOD10<\/p>\n<ul>\n<li>viscol\u00e0stica a una sola cara<\/li>\n<li>HR 25<\/li>\n<li>teixit 3D Black<\/li>\n<li>20cm altura<\/li>\n<\/ul>\n","protected":false},"excerpt":{"rendered":"<p><strong>Matal\u00e0s de viscoel\u00e0stica <\/strong>MOD10<\/p>\n","protected":false},"featured_media":51567,"comment_status":"closed","ping_status":"closed","template":"","meta":[],"product_brand":[],"product_cat":[345],"product_tag":[],"class_list":{"0":"post-51465","1":"product","2":"type-product","3":"status-publish","4":"has-post-thumbnail","6":"product_cat-matalassos-viscoelastics","8":"first","9":"instock","10":"taxable","11":"shipping-taxable","12":"purchasable","13":"product-type-variable"},"_links":{"self":[{"href":"https:\/\/somnismar.com\/ca\/wp-json\/wp\/v2\/product\/51465","targetHints":{"allow":["GET"]}}],"collection":[{"href":"https:\/\/somnismar.com\/ca\/wp-json\/wp\/v2\/product"}],"about":[{"href":"https:\/\/somnismar.com\/ca\/wp-json\/wp\/v2\/types\/product"}],"replies":[{"embeddable":true,"href":"https:\/\/somnismar.com\/ca\/wp-json\/wp\/v2\/comments?post=51465"}],"wp:featuredmedia":[{"embeddable":true,"href":"https:\/\/somnismar.com\/ca\/wp-json\/wp\/v2\/media\/51567"}],"wp:attachment":[{"href":"https:\/\/somnismar.com\/ca\/wp-json\/wp\/v2\/media?parent=51465"}],"wp:term":[{"taxonomy":"product_brand","embeddable":true,"href":"https:\/\/somnismar.com\/ca\/wp-json\/wp\/v2\/product_brand?post=51465"},{"taxonomy":"product_cat","embeddable":true,"href":"https:\/\/somnismar.com\/ca\/wp-json\/wp\/v2\/product_cat?post=51465"},{"taxonomy":"product_tag","embeddable":true,"href":"https:\/\/somnismar.com\/ca\/wp-json\/wp\/v2\/product_tag?post=51465"}],"curies":[{"name":"wp","href":"https:\/\/api.w.org\/{rel}","templated":true}]}}