{"id":51381,"date":"2025-11-14T12:30:43","date_gmt":"2025-11-14T11:30:44","guid":{"rendered":"https:\/\/somnismar.com\/?post_type=product&#038;p=51381"},"modified":"2025-11-14T13:21:13","modified_gmt":"2025-11-14T12:21:13","slug":"matalas-latex-mio","status":"publish","type":"product","link":"https:\/\/somnismar.com\/ca\/producte\/matalas-latex-mio\/","title":{"rendered":"Matal\u00e0s de L\u00e0tex MIO"},"content":{"rendered":"<p><strong>Matal\u00e0s de L\u00e0tex<\/strong> model MIO<\/p>\n<p>&#8211; desenfundable<br \/>\n&#8211; acolxat<br \/>\n&#8211; transpirable<br \/>\n&#8211; apte per llits articulats<br \/>\n&#8211; 21cm al\u00e7ada<\/p>\n","protected":false},"excerpt":{"rendered":"<p><strong>Matal\u00e0s de L\u00e0tex <\/strong>model MIO<\/p>\n","protected":false},"featured_media":51445,"comment_status":"closed","ping_status":"closed","template":"","meta":[],"product_brand":[],"product_cat":[348],"product_tag":[],"class_list":{"0":"post-51381","1":"product","2":"type-product","3":"status-publish","4":"has-post-thumbnail","6":"product_cat-matalassos-latex","7":"product_shipping_class-matalassos","9":"first","10":"instock","11":"taxable","12":"shipping-taxable","13":"purchasable","14":"product-type-variable"},"_links":{"self":[{"href":"https:\/\/somnismar.com\/ca\/wp-json\/wp\/v2\/product\/51381","targetHints":{"allow":["GET"]}}],"collection":[{"href":"https:\/\/somnismar.com\/ca\/wp-json\/wp\/v2\/product"}],"about":[{"href":"https:\/\/somnismar.com\/ca\/wp-json\/wp\/v2\/types\/product"}],"replies":[{"embeddable":true,"href":"https:\/\/somnismar.com\/ca\/wp-json\/wp\/v2\/comments?post=51381"}],"wp:featuredmedia":[{"embeddable":true,"href":"https:\/\/somnismar.com\/ca\/wp-json\/wp\/v2\/media\/51445"}],"wp:attachment":[{"href":"https:\/\/somnismar.com\/ca\/wp-json\/wp\/v2\/media?parent=51381"}],"wp:term":[{"taxonomy":"product_brand","embeddable":true,"href":"https:\/\/somnismar.com\/ca\/wp-json\/wp\/v2\/product_brand?post=51381"},{"taxonomy":"product_cat","embeddable":true,"href":"https:\/\/somnismar.com\/ca\/wp-json\/wp\/v2\/product_cat?post=51381"},{"taxonomy":"product_tag","embeddable":true,"href":"https:\/\/somnismar.com\/ca\/wp-json\/wp\/v2\/product_tag?post=51381"}],"curies":[{"name":"wp","href":"https:\/\/api.w.org\/{rel}","templated":true}]}}