{"id":50862,"date":"2025-04-10T10:03:49","date_gmt":"2025-04-10T09:03:49","guid":{"rendered":"https:\/\/somnismar.com\/?post_type=product&#038;p=50862"},"modified":"2025-04-10T10:12:33","modified_gmt":"2025-04-10T09:12:33","slug":"matalas-viscoelastic-26cm-doble-cara-laguna","status":"publish","type":"product","link":"https:\/\/somnismar.com\/ca\/producte\/matalas-viscoelastic-26cm-doble-cara-laguna\/","title":{"rendered":"Matal\u00e0s viscoel\u00e0stic 26cm doble cara LAGUNA"},"content":{"rendered":"<p><strong>Matal\u00e0s de viscoel\u00e0stica <\/strong>doble cara 26cm LAGUNA<\/p>\n","protected":false},"excerpt":{"rendered":"<p><strong>Matal\u00e0s de viscoel\u00e0stica <\/strong>doble cara 26cm LAGUNA<\/p>\n","protected":false},"featured_media":50884,"comment_status":"closed","ping_status":"closed","template":"","meta":[],"product_brand":[],"product_cat":[345],"product_tag":[],"class_list":{"0":"post-50862","1":"product","2":"type-product","3":"status-publish","4":"has-post-thumbnail","6":"product_cat-matalassos-viscoelastics","7":"product_shipping_class-matalassos","9":"first","10":"instock","11":"taxable","12":"shipping-taxable","13":"purchasable","14":"product-type-variable"},"_links":{"self":[{"href":"https:\/\/somnismar.com\/ca\/wp-json\/wp\/v2\/product\/50862","targetHints":{"allow":["GET"]}}],"collection":[{"href":"https:\/\/somnismar.com\/ca\/wp-json\/wp\/v2\/product"}],"about":[{"href":"https:\/\/somnismar.com\/ca\/wp-json\/wp\/v2\/types\/product"}],"replies":[{"embeddable":true,"href":"https:\/\/somnismar.com\/ca\/wp-json\/wp\/v2\/comments?post=50862"}],"wp:featuredmedia":[{"embeddable":true,"href":"https:\/\/somnismar.com\/ca\/wp-json\/wp\/v2\/media\/50884"}],"wp:attachment":[{"href":"https:\/\/somnismar.com\/ca\/wp-json\/wp\/v2\/media?parent=50862"}],"wp:term":[{"taxonomy":"product_brand","embeddable":true,"href":"https:\/\/somnismar.com\/ca\/wp-json\/wp\/v2\/product_brand?post=50862"},{"taxonomy":"product_cat","embeddable":true,"href":"https:\/\/somnismar.com\/ca\/wp-json\/wp\/v2\/product_cat?post=50862"},{"taxonomy":"product_tag","embeddable":true,"href":"https:\/\/somnismar.com\/ca\/wp-json\/wp\/v2\/product_tag?post=50862"}],"curies":[{"name":"wp","href":"https:\/\/api.w.org\/{rel}","templated":true}]}}