{"id":49877,"date":"2023-10-06T18:49:05","date_gmt":"2023-10-06T18:49:07","guid":{"rendered":"https:\/\/somnismar.com\/?post_type=product&#038;p=49877"},"modified":"2023-10-06T19:14:20","modified_gmt":"2023-10-06T19:14:20","slug":"matalas-viscoelastic-orien","status":"publish","type":"product","link":"https:\/\/somnismar.com\/ca\/producte\/matalas-viscoelastic-orien\/","title":{"rendered":"Matal\u00e0s viscoel\u00e0stic ORIEN"},"content":{"rendered":"<p><strong>Matal\u00e0s viscoel\u00e0stic<\/strong> extraferm model ORIEN:<\/p>\n<ul>\n<li>Nucli de HR 30 amb viscoel\u00e0stica d&#8217;alta qualitat<\/li>\n<li>encoixinat en teixit stretch<\/li>\n<li>25cm al\u00e7ada<\/li>\n<\/ul>\n","protected":false},"excerpt":{"rendered":"<p><strong>Matal\u00e0s viscoel\u00e0stic<\/strong> extraferm model ORIEN<\/p>\n","protected":false},"featured_media":49914,"comment_status":"closed","ping_status":"closed","template":"","meta":[],"product_brand":[],"product_cat":[345],"product_tag":[],"class_list":{"0":"post-49877","1":"product","2":"type-product","3":"status-publish","4":"has-post-thumbnail","6":"product_cat-matalassos-viscoelastics","7":"product_shipping_class-matalassos","9":"first","10":"instock","11":"taxable","12":"shipping-taxable","13":"purchasable","14":"product-type-variable"},"_links":{"self":[{"href":"https:\/\/somnismar.com\/ca\/wp-json\/wp\/v2\/product\/49877","targetHints":{"allow":["GET"]}}],"collection":[{"href":"https:\/\/somnismar.com\/ca\/wp-json\/wp\/v2\/product"}],"about":[{"href":"https:\/\/somnismar.com\/ca\/wp-json\/wp\/v2\/types\/product"}],"replies":[{"embeddable":true,"href":"https:\/\/somnismar.com\/ca\/wp-json\/wp\/v2\/comments?post=49877"}],"wp:featuredmedia":[{"embeddable":true,"href":"https:\/\/somnismar.com\/ca\/wp-json\/wp\/v2\/media\/49914"}],"wp:attachment":[{"href":"https:\/\/somnismar.com\/ca\/wp-json\/wp\/v2\/media?parent=49877"}],"wp:term":[{"taxonomy":"product_brand","embeddable":true,"href":"https:\/\/somnismar.com\/ca\/wp-json\/wp\/v2\/product_brand?post=49877"},{"taxonomy":"product_cat","embeddable":true,"href":"https:\/\/somnismar.com\/ca\/wp-json\/wp\/v2\/product_cat?post=49877"},{"taxonomy":"product_tag","embeddable":true,"href":"https:\/\/somnismar.com\/ca\/wp-json\/wp\/v2\/product_tag?post=49877"}],"curies":[{"name":"wp","href":"https:\/\/api.w.org\/{rel}","templated":true}]}}