{"id":49743,"date":"2023-10-06T18:20:52","date_gmt":"2023-10-06T18:20:54","guid":{"rendered":"https:\/\/somnismar.com\/?post_type=product&#038;p=49743"},"modified":"2023-10-06T18:44:36","modified_gmt":"2023-10-06T18:44:36","slug":"matalas-viscoelastic-residencial","status":"publish","type":"product","link":"https:\/\/somnismar.com\/ca\/producte\/matalas-viscoelastic-residencial\/","title":{"rendered":"Matal\u00e0s viscoel\u00e0stic RESIDENCIAL"},"content":{"rendered":"<p><strong>Matal\u00e0s viscoel\u00e0stic<\/strong> model RESIDENCIAL. <span class=\"jCAhz ChMk0b\"><span class=\"ryNqvb\">Est\u00e0 altament indicat per a <strong>hospitals<\/strong> i <strong>resid\u00e8ncies<\/strong> de gent gran:<\/span><\/span><\/p>\n<ul>\n<li>desenfundable<\/li>\n<li>densitex<\/li>\n<li>transpirable<\/li>\n<li>apte per a llits articulats<\/li>\n<li>antibacteri\u00e0<\/li>\n<li>ignifug<\/li>\n<li>impermeable<\/li>\n<li>viscoel\u00e0stica<\/li>\n<\/ul>\n","protected":false},"excerpt":{"rendered":"<p><strong>Matal\u00e0s viscoel\u00e0stic<\/strong> model RESIDENCIAL. <span class=\"jCAhz ChMk0b\"><span class=\"ryNqvb\">Est\u00e0 altament indicat per a <strong>hospitals<\/strong> i <strong>resid\u00e8ncies<\/strong> de gent gran.<\/span><\/span><\/p>\n","protected":false},"featured_media":49780,"comment_status":"closed","ping_status":"closed","template":"","meta":[],"product_brand":[],"product_cat":[345],"product_tag":[],"class_list":{"0":"post-49743","1":"product","2":"type-product","3":"status-publish","4":"has-post-thumbnail","6":"product_cat-matalassos-viscoelastics","7":"product_shipping_class-matalassos","9":"first","10":"instock","11":"taxable","12":"shipping-taxable","13":"purchasable","14":"product-type-variable"},"_links":{"self":[{"href":"https:\/\/somnismar.com\/ca\/wp-json\/wp\/v2\/product\/49743","targetHints":{"allow":["GET"]}}],"collection":[{"href":"https:\/\/somnismar.com\/ca\/wp-json\/wp\/v2\/product"}],"about":[{"href":"https:\/\/somnismar.com\/ca\/wp-json\/wp\/v2\/types\/product"}],"replies":[{"embeddable":true,"href":"https:\/\/somnismar.com\/ca\/wp-json\/wp\/v2\/comments?post=49743"}],"wp:featuredmedia":[{"embeddable":true,"href":"https:\/\/somnismar.com\/ca\/wp-json\/wp\/v2\/media\/49780"}],"wp:attachment":[{"href":"https:\/\/somnismar.com\/ca\/wp-json\/wp\/v2\/media?parent=49743"}],"wp:term":[{"taxonomy":"product_brand","embeddable":true,"href":"https:\/\/somnismar.com\/ca\/wp-json\/wp\/v2\/product_brand?post=49743"},{"taxonomy":"product_cat","embeddable":true,"href":"https:\/\/somnismar.com\/ca\/wp-json\/wp\/v2\/product_cat?post=49743"},{"taxonomy":"product_tag","embeddable":true,"href":"https:\/\/somnismar.com\/ca\/wp-json\/wp\/v2\/product_tag?post=49743"}],"curies":[{"name":"wp","href":"https:\/\/api.w.org\/{rel}","templated":true}]}}