{"id":49700,"date":"2023-10-06T18:08:53","date_gmt":"2023-10-06T18:08:54","guid":{"rendered":"https:\/\/somnismar.com\/?post_type=product&#038;p=49700"},"modified":"2023-10-06T18:17:28","modified_gmt":"2023-10-06T18:17:28","slug":"coixi-viscoelastic","status":"publish","type":"product","link":"https:\/\/somnismar.com\/ca\/producte\/coixi-viscoelastic\/","title":{"rendered":"Coix\u00ed Viscoel\u00e0stic"},"content":{"rendered":"<p><strong>Coix\u00ed viscoel\u00e0stic<\/strong> amb part\u00edcules de gel. Confort i frescor.<\/p>\n<ul>\n<li>Funda exterior stretch<\/li>\n<li>Funda interior 100% poli\u00e8ster<\/li>\n<li>Farciment: bloc viscoel\u00e0stic amb part\u00edcules de gel<\/li>\n<\/ul>\n","protected":false},"excerpt":{"rendered":"<p><strong>Coix\u00ed viscoel\u00e0stic<\/strong> amb part\u00edcules de gel. Confort i frescor.<\/p>\n","protected":false},"featured_media":49728,"comment_status":"closed","ping_status":"closed","template":"","meta":[],"product_brand":[],"product_cat":[339],"product_tag":[],"class_list":{"0":"post-49700","1":"product","2":"type-product","3":"status-publish","4":"has-post-thumbnail","6":"product_cat-coixins","8":"first","9":"instock","10":"taxable","11":"shipping-taxable","12":"purchasable","13":"product-type-variable"},"_links":{"self":[{"href":"https:\/\/somnismar.com\/ca\/wp-json\/wp\/v2\/product\/49700","targetHints":{"allow":["GET"]}}],"collection":[{"href":"https:\/\/somnismar.com\/ca\/wp-json\/wp\/v2\/product"}],"about":[{"href":"https:\/\/somnismar.com\/ca\/wp-json\/wp\/v2\/types\/product"}],"replies":[{"embeddable":true,"href":"https:\/\/somnismar.com\/ca\/wp-json\/wp\/v2\/comments?post=49700"}],"wp:featuredmedia":[{"embeddable":true,"href":"https:\/\/somnismar.com\/ca\/wp-json\/wp\/v2\/media\/49728"}],"wp:attachment":[{"href":"https:\/\/somnismar.com\/ca\/wp-json\/wp\/v2\/media?parent=49700"}],"wp:term":[{"taxonomy":"product_brand","embeddable":true,"href":"https:\/\/somnismar.com\/ca\/wp-json\/wp\/v2\/product_brand?post=49700"},{"taxonomy":"product_cat","embeddable":true,"href":"https:\/\/somnismar.com\/ca\/wp-json\/wp\/v2\/product_cat?post=49700"},{"taxonomy":"product_tag","embeddable":true,"href":"https:\/\/somnismar.com\/ca\/wp-json\/wp\/v2\/product_tag?post=49700"}],"curies":[{"name":"wp","href":"https:\/\/api.w.org\/{rel}","templated":true}]}}