{"id":49227,"date":"2023-06-12T12:09:21","date_gmt":"2023-06-12T12:09:21","guid":{"rendered":"https:\/\/somnismar.com\/producto\/colchon-viscoelastico-antar-2cm\/"},"modified":"2023-10-06T12:02:13","modified_gmt":"2023-10-06T12:02:13","slug":"matalas-viscoelastic-antar-2cm","status":"publish","type":"product","link":"https:\/\/somnismar.com\/ca\/producte\/matalas-viscoelastic-antar-2cm\/","title":{"rendered":"Matal\u00e0s viscoel\u00e0stic ANTAR 2cm"},"content":{"rendered":"<p><strong>Matal\u00e0s viscoel\u00e0stic<\/strong> model ANTAR d&#8217;H.R.:<br \/>\n&#8211; amb 2cm de viscoel\u00e0stica a una cara<br \/>\n&#8211; teixit stretch<br \/>\n&#8211; antiacars<br \/>\n&#8211; enrotllable<br \/>\n&#8211; fermesa mitj\u00e0<br \/>\n&#8211; 23cm alt<\/p>\n","protected":false},"excerpt":{"rendered":"<p><strong>Matal\u00e0s viscoel\u00e0stic<\/strong> model ANTAR<\/p>\n","protected":false},"featured_media":48011,"comment_status":"closed","ping_status":"closed","template":"","meta":[],"product_brand":[],"product_cat":[345],"product_tag":[],"class_list":{"0":"post-49227","1":"product","2":"type-product","3":"status-publish","4":"has-post-thumbnail","6":"product_cat-matalassos-viscoelastics","7":"product_shipping_class-matalassos","9":"first","10":"instock","11":"taxable","12":"shipping-taxable","13":"purchasable","14":"product-type-variable"},"_links":{"self":[{"href":"https:\/\/somnismar.com\/ca\/wp-json\/wp\/v2\/product\/49227","targetHints":{"allow":["GET"]}}],"collection":[{"href":"https:\/\/somnismar.com\/ca\/wp-json\/wp\/v2\/product"}],"about":[{"href":"https:\/\/somnismar.com\/ca\/wp-json\/wp\/v2\/types\/product"}],"replies":[{"embeddable":true,"href":"https:\/\/somnismar.com\/ca\/wp-json\/wp\/v2\/comments?post=49227"}],"wp:featuredmedia":[{"embeddable":true,"href":"https:\/\/somnismar.com\/ca\/wp-json\/wp\/v2\/media\/48011"}],"wp:attachment":[{"href":"https:\/\/somnismar.com\/ca\/wp-json\/wp\/v2\/media?parent=49227"}],"wp:term":[{"taxonomy":"product_brand","embeddable":true,"href":"https:\/\/somnismar.com\/ca\/wp-json\/wp\/v2\/product_brand?post=49227"},{"taxonomy":"product_cat","embeddable":true,"href":"https:\/\/somnismar.com\/ca\/wp-json\/wp\/v2\/product_cat?post=49227"},{"taxonomy":"product_tag","embeddable":true,"href":"https:\/\/somnismar.com\/ca\/wp-json\/wp\/v2\/product_tag?post=49227"}],"curies":[{"name":"wp","href":"https:\/\/api.w.org\/{rel}","templated":true}]}}