{"id":48640,"date":"2023-09-06T10:41:44","date_gmt":"2023-09-06T10:41:44","guid":{"rendered":"https:\/\/somnismar.com\/producto\/canape-madera\/"},"modified":"2023-10-07T10:40:13","modified_gmt":"2023-10-07T10:40:13","slug":"canape-fusta-paris","status":"publish","type":"product","link":"https:\/\/somnismar.com\/ca\/producte\/canape-fusta-paris\/","title":{"rendered":"Canap\u00e8 de fusta PAR\u00cdS"},"content":{"rendered":"<p><strong>Canap\u00e8 de fusta<\/strong> model PAR\u00cdS:<br \/>\n&#8211; tauler d&#8217;aglomerat de 20mm de gruix<br \/>\n&#8211; tapa tub met\u00e0l\u00b7lic 30&#215;30 refor\u00e7at<br \/>\n&#8211; entapissat en 3D de 215gr de densitat<br \/>\n&#8211; amb 4 airejadors per obtenir una \u00f2ptima ventilaci\u00f3 el matal\u00e0s<br \/>\n&#8211; el fons descansa directament a terra (tauler DM) creant un calaix de gran capacitat<br \/>\n&#8211; tirador de fusta<br \/>\n&#8211; 35cm d&#8217;al\u00e7ada<br \/>\n&#8211; 29cm despai interior<\/p>\n","protected":false},"excerpt":{"rendered":"<p><strong>Canap\u00e8 de fusta<\/strong> model PAR\u00cdS<\/p>\n","protected":false},"featured_media":48633,"comment_status":"closed","ping_status":"closed","template":"","meta":[],"product_brand":[],"product_cat":[342],"product_tag":[],"class_list":{"0":"post-48640","1":"product","2":"type-product","3":"status-publish","4":"has-post-thumbnail","6":"product_cat-canapes-ca","7":"product_shipping_class-matalassos","9":"first","10":"instock","11":"taxable","12":"shipping-taxable","13":"purchasable","14":"product-type-variable"},"_links":{"self":[{"href":"https:\/\/somnismar.com\/ca\/wp-json\/wp\/v2\/product\/48640","targetHints":{"allow":["GET"]}}],"collection":[{"href":"https:\/\/somnismar.com\/ca\/wp-json\/wp\/v2\/product"}],"about":[{"href":"https:\/\/somnismar.com\/ca\/wp-json\/wp\/v2\/types\/product"}],"replies":[{"embeddable":true,"href":"https:\/\/somnismar.com\/ca\/wp-json\/wp\/v2\/comments?post=48640"}],"wp:featuredmedia":[{"embeddable":true,"href":"https:\/\/somnismar.com\/ca\/wp-json\/wp\/v2\/media\/48633"}],"wp:attachment":[{"href":"https:\/\/somnismar.com\/ca\/wp-json\/wp\/v2\/media?parent=48640"}],"wp:term":[{"taxonomy":"product_brand","embeddable":true,"href":"https:\/\/somnismar.com\/ca\/wp-json\/wp\/v2\/product_brand?post=48640"},{"taxonomy":"product_cat","embeddable":true,"href":"https:\/\/somnismar.com\/ca\/wp-json\/wp\/v2\/product_cat?post=48640"},{"taxonomy":"product_tag","embeddable":true,"href":"https:\/\/somnismar.com\/ca\/wp-json\/wp\/v2\/product_tag?post=48640"}],"curies":[{"name":"wp","href":"https:\/\/api.w.org\/{rel}","templated":true}]}}