{"id":50175,"date":"2023-11-29T12:13:01","date_gmt":"2023-11-29T12:13:01","guid":{"rendered":"https:\/\/somnismar.com\/ofertas\/"},"modified":"2023-12-05T17:16:35","modified_gmt":"2023-12-05T17:16:35","slug":"ofertes","status":"publish","type":"page","link":"https:\/\/somnismar.com\/ca\/ofertes\/","title":{"rendered":"Ofertes"},"content":{"rendered":"\n\t<section class=\"section\" id=\"section_888721118\">\n\t\t<div class=\"section-bg fill\" >\n\t\t\t\t\t\t\t\t\t\n\t\t\t\n\n\t\t<\/div>\n\n\t\t\n\n\t\t<div class=\"section-content relative\">\n\t\t\t\n<div class=\"row\"  id=\"row-150915901\">\n\n\t<div id=\"col-728644969\" class=\"col small-12 large-12\"  >\n\t\t\t\t<div class=\"col-inner\"  >\n\t\t\t\n\t\t\t\n<div class=\"container section-title-container\" ><h1 class=\"section-title section-title-normal\"><b aria-hidden=\"true\"><\/b><span class=\"section-title-main\" style=\"font-size:150%;color:rgb(147, 101, 184);\">Les nostres ofertes<\/span><b aria-hidden=\"true\"><\/b><\/h1><\/div>\n<p>En aquesta p\u00e0gina publicarem les nostres ofertes. Si no veus res \u00e9s que o b\u00e9 les ofertes han caducat o b\u00e9 encara no n&#8217;hem publicat cap.<\/p>\n<ul class=\"ux-products-list product_list_widget\">\n\t\t\t\t\t<li>\n\t<a href=\"https:\/\/somnismar.com\/ca\/producte\/matalas-de-molles-ensacades-viscoelastica-nube-oferta\/\" title=\"Matal\u00e0s de molles ensacades + viscoel\u00e0stica NUBE OFERTA\">\n\t\t<img loading=\"lazy\" decoding=\"async\" width=\"100\" height=\"100\" src=\"https:\/\/somnismar.com\/wp-content\/uploads\/2026\/04\/colchon-nube-Medium-100x100.jpeg\" class=\"attachment-woocommerce_gallery_thumbnail size-woocommerce_gallery_thumbnail\" alt=\"Matal\u00e0s de molles ensacades + viscoel\u00e0stica NUBE OFERTA\" srcset=\"https:\/\/somnismar.com\/wp-content\/uploads\/2026\/04\/colchon-nube-Medium-100x100.jpeg 100w, https:\/\/somnismar.com\/wp-content\/uploads\/2026\/04\/colchon-nube-Medium-280x280.jpeg 280w, https:\/\/somnismar.com\/wp-content\/uploads\/2026\/04\/colchon-nube-Medium-300x300.jpeg 300w\" sizes=\"auto, (max-width: 100px) 100vw, 100px\" \/>\t\t<span class=\"product-title\">Matal\u00e0s de molles ensacades + viscoel\u00e0stica NUBE OFERTA<\/span>\n\t<\/a>\n\t\t<del>a partir de <span class=\"woocommerce-Price-amount amount\"><bdi>252,00&nbsp;<span class=\"woocommerce-Price-currencySymbol\">&euro;<\/span><\/bdi><\/span><\/del> <ins>a partir de <span class=\"woocommerce-Price-amount amount\"><bdi>202,00&nbsp;<span class=\"woocommerce-Price-currencySymbol\">&euro;<\/span><\/bdi><\/span><\/ins><\/li>\n\t\t\n\t\t<\/ul>\n\t\t<\/div>\n\t\t\t\t\t<\/div>\n\n\t\n<\/div>\n\t\t<\/div>\n\n\t\t\n<style>\n#section_888721118 {\n  padding-top: 30px;\n  padding-bottom: 30px;\n}\n<\/style>\n\t<\/section>\n\t\n","protected":false},"excerpt":{"rendered":"","protected":false},"author":1,"featured_media":0,"parent":0,"menu_order":0,"comment_status":"closed","ping_status":"closed","template":"","meta":{"footnotes":""},"class_list":["post-50175","page","type-page","status-publish","hentry"],"_links":{"self":[{"href":"https:\/\/somnismar.com\/ca\/wp-json\/wp\/v2\/pages\/50175","targetHints":{"allow":["GET"]}}],"collection":[{"href":"https:\/\/somnismar.com\/ca\/wp-json\/wp\/v2\/pages"}],"about":[{"href":"https:\/\/somnismar.com\/ca\/wp-json\/wp\/v2\/types\/page"}],"author":[{"embeddable":true,"href":"https:\/\/somnismar.com\/ca\/wp-json\/wp\/v2\/users\/1"}],"replies":[{"embeddable":true,"href":"https:\/\/somnismar.com\/ca\/wp-json\/wp\/v2\/comments?post=50175"}],"version-history":[{"count":2,"href":"https:\/\/somnismar.com\/ca\/wp-json\/wp\/v2\/pages\/50175\/revisions"}],"predecessor-version":[{"id":50181,"href":"https:\/\/somnismar.com\/ca\/wp-json\/wp\/v2\/pages\/50175\/revisions\/50181"}],"wp:attachment":[{"href":"https:\/\/somnismar.com\/ca\/wp-json\/wp\/v2\/media?parent=50175"}],"curies":[{"name":"wp","href":"https:\/\/api.w.org\/{rel}","templated":true}]}}