{"id":48442,"date":"2023-08-28T17:54:51","date_gmt":"2023-08-28T17:54:51","guid":{"rendered":"https:\/\/somnismar.com\/somieres-lescala\/"},"modified":"2024-12-30T20:05:03","modified_gmt":"2024-12-30T19:05:03","slug":"somiers-bases-lescala","status":"publish","type":"page","link":"https:\/\/somnismar.com\/ca\/cataleg\/somiers-bases-lescala\/","title":{"rendered":"Somiers i bases a L&#8217;Escala"},"content":{"rendered":"<div class=\"slider-wrapper relative\" id=\"slider-94869212\" >\n    <div class=\"slider slider-nav-circle slider-nav-large slider-nav-light slider-style-normal\"\n        data-flickity-options='{\n            \"cellAlign\": \"center\",\n            \"imagesLoaded\": true,\n            \"lazyLoad\": 1,\n            \"freeScroll\": false,\n            \"wrapAround\": true,\n            \"autoPlay\": 6000,\n            \"pauseAutoPlayOnHover\" : true,\n            \"prevNextButtons\": true,\n            \"contain\" : true,\n            \"adaptiveHeight\" : true,\n            \"dragThreshold\" : 10,\n            \"percentPosition\": true,\n            \"pageDots\": true,\n            \"rightToLeft\": false,\n            \"draggable\": true,\n            \"selectedAttraction\": 0.1,\n            \"parallax\" : 0,\n            \"friction\": 0.6        }'\n        >\n        \n\n  <div class=\"banner has-hover has-slide-effect slide-fade-in has-parallax\" id=\"banner-1201384862\">\n          <div class=\"banner-inner fill\">\n        <div class=\"banner-bg fill\" data-parallax=\"-5\" data-parallax-container=\".banner\" data-parallax-background>\n            <img loading=\"lazy\" decoding=\"async\" width=\"1020\" height=\"278\" src=\"https:\/\/somnismar.com\/wp-content\/uploads\/2023\/09\/banner_2023-1400x381.jpg\" class=\"bg attachment-large size-large\" alt=\"fotomontaje cabecera\" \/>                        <div class=\"overlay\"><\/div>            \n                    <\/div>\n\t\t\n        <div class=\"banner-layers container\">\n            <div class=\"fill banner-link\"><\/div>            \n   <div id=\"text-box-457185377\" class=\"text-box banner-layer x5 md-x10 lg-x0 y35 md-y40 lg-y40 res-text\">\n                                <div class=\"text-box-content text dark\">\n              \n\t<div class=\"is-border\"\n\t\tstyle=\"border-width:2px 2px 2px 2px;\">\n\t<\/div>\n              <div class=\"text-inner text-left\">\n                  \n<h3 style=\"text-align: center;\">Productes pel seu descans<\/h3>\n              <\/div>\n           <\/div>\n                            \n<style>\n#text-box-457185377 .text-inner {\n  padding: 10px 0px 10px 0px;\n}\n#text-box-457185377 {\n  width: 85%;\n}\n#text-box-457185377 .text-box-content {\n  font-size: 90%;\n}\n@media (min-width:550px) {\n  #text-box-457185377 {\n    width: 60%;\n  }\n  #text-box-457185377 .text-box-content {\n    font-size: 100%;\n  }\n}\n@media (min-width:850px) {\n  #text-box-457185377 {\n    width: 45%;\n  }\n}\n<\/style>\n    <\/div>\n \n        <\/div>\n      <\/div>\n\n            \n<style>\n#banner-1201384862 {\n  padding-top: 250px;\n}\n#banner-1201384862 .overlay {\n  background-color: rgba(0, 0, 0, 0.02);\n}\n#banner-1201384862 .banner-bg img {\n  object-position: 32% 58%;\n}\n@media (min-width:550px) {\n  #banner-1201384862 {\n    padding-top: 500px;\n  }\n}\n<\/style>\n  <\/div>\n\n\n     <\/div>\n\n     <div class=\"loading-spin dark large centered\"><\/div>\n\n\t<\/div>\n\n\n\n\t<section class=\"section\" id=\"section_757066846\">\n\t\t<div class=\"section-bg fill\" >\n\t\t\t<img loading=\"lazy\" decoding=\"async\" width=\"720\" height=\"480\" src=\"https:\/\/somnismar.com\/wp-content\/uploads\/2023\/09\/bckgnd-matalas-001.jpg\" class=\"bg attachment- size-\" alt=\"textura colch\u00f3n\" \/>\t\t\t\t\t\t<div class=\"section-bg-overlay absolute fill\"><\/div>\n\t\t\t\n\n\t\t<\/div>\n\n\t\t\n\n\t\t<div class=\"section-content relative\">\n\t\t\t\n<div class=\"row\"  id=\"row-121146396\">\n\n\t<div id=\"col-1290628191\" class=\"col small-12 large-12\"  >\n\t\t\t\t<div class=\"col-inner\"  >\n\t\t\t\n\t\t\t\n<div id=\"m4109\" class=\"module text\">\n<div id=\"m4109\" class=\"module text\">\n<div class=\"container section-title-container\" ><h1 class=\"section-title section-title-normal\"><b aria-hidden=\"true\"><\/b><span class=\"section-title-main\" style=\"font-size:150%;color:rgb(147, 101, 184);\">Somiers articulats i bases a L'Escala<\/span><b aria-hidden=\"true\"><\/b><\/h1><\/div>\n<h2>Qu\u00e8 \u00e9s un somier?<\/h2>\n<p>A <em><strong>SOMNIS MAR<\/strong><\/em> trobar\u00e0 tot all\u00f2 que necessiti pel seu descans. L&#8217;aconsellarem sobre la varietat de <strong>somiers i bases entapissades<\/strong> de qu\u00e8 disposem.<\/p>\n<p><img loading=\"lazy\" decoding=\"async\" class=\"size-full wp-image-47825 aligncenter\" src=\"https:\/\/somnismar.com\/wp-content\/uploads\/2023\/08\/somier-laminas-doble.jpg\" alt=\"somier laminas doble\" width=\"389\" height=\"231\" \/><\/p>\n<p>Per a altres productes o m\u00e9s informaci\u00f3 ens pot contactar per mail o tel\u00e8fon, o visitar-nos a la nostra botiga a <a href=\"\/ca\/contacte\/\">L&#8217;Escala<\/a> (Girona &#8211; Costa Brava).<\/p>\n\t\t<\/div>\n\t\t\t\t\n<style>\n#col-1290628191 > .col-inner {\n  padding: 0px 20px 0px 20px;\n}\n<\/style>\n\t<\/div>\n\n\t\n<\/div>\n\t\n  \n    <div class=\"row large-columns-4 medium-columns-3 small-columns-2 row-small slider row-slider slider-nav-reveal slider-nav-push\"  data-flickity-options='{&quot;imagesLoaded&quot;: true, &quot;groupCells&quot;: &quot;100%&quot;, &quot;dragThreshold&quot; : 5, &quot;cellAlign&quot;: &quot;left&quot;,&quot;wrapAround&quot;: true,&quot;prevNextButtons&quot;: true,&quot;percentPosition&quot;: true,&quot;pageDots&quot;: false, &quot;rightToLeft&quot;: false, &quot;autoPlay&quot; : false}' >\n\n  \n\t     <div class=\"product-small col has-hover product type-product post-50520 status-publish first instock product_cat-somiers-bases has-post-thumbnail taxable shipping-taxable purchasable product-type-variable\">\n\t<div class=\"col-inner\">\n\t\n<div class=\"badge-container absolute left top z-1\">\n\n<\/div>\n\t<div class=\"product-small box \">\n\t\t<div class=\"box-image\">\n\t\t\t<div class=\"image-fade_in_back\">\n\t\t\t\t<a href=\"https:\/\/somnismar.com\/ca\/producte\/pack-somier-articulat-electric-arti\/\">\n\t\t\t\t\t<img loading=\"lazy\" decoding=\"async\" width=\"300\" height=\"250\" src=\"https:\/\/somnismar.com\/wp-content\/uploads\/2023\/09\/pack-somier-queen-300x250.jpg\" class=\"attachment-woocommerce_thumbnail size-woocommerce_thumbnail\" alt=\"Pack somier articulat el\u00e8ctric ARTI\" \/><img loading=\"lazy\" decoding=\"async\" width=\"300\" height=\"300\" src=\"https:\/\/somnismar.com\/wp-content\/uploads\/2023\/09\/pack-somier-colchon-viscoelastica-almohada-lores-300x300.jpg\" class=\"show-on-hover absolute fill hide-for-small back-image\" alt=\"Alternative view of Pack somier articulat el\u00e8ctric ARTI\" aria-hidden=\"true\" srcset=\"https:\/\/somnismar.com\/wp-content\/uploads\/2023\/09\/pack-somier-colchon-viscoelastica-almohada-lores-300x300.jpg 300w, https:\/\/somnismar.com\/wp-content\/uploads\/2023\/09\/pack-somier-colchon-viscoelastica-almohada-lores-280x280.jpg 280w, https:\/\/somnismar.com\/wp-content\/uploads\/2023\/09\/pack-somier-colchon-viscoelastica-almohada-lores-100x100.jpg 100w\" sizes=\"auto, (max-width: 300px) 100vw, 300px\" \/>\t\t\t\t<\/a>\n\t\t\t<\/div>\n\t\t\t<div class=\"image-tools is-small top right show-on-hover\">\n\t\t\t\t\t\t\t<\/div>\n\t\t\t<div class=\"image-tools is-small hide-for-small bottom left show-on-hover\">\n\t\t\t\t\t\t\t<\/div>\n\t\t\t<div class=\"image-tools grid-tools text-center hide-for-small bottom hover-slide-in show-on-hover\">\n\t\t\t\t<a href=\"#quick-view\" class=\"quick-view\" role=\"button\" data-prod=\"50520\" aria-haspopup=\"dialog\" aria-expanded=\"false\" data-flatsome-role-button>Vista R\u00e0pida<\/a>\t\t\t<\/div>\n\t\t\t\t\t<\/div>\n\n\t\t<div class=\"box-text box-text-products\">\n\t\t\t<div class=\"title-wrapper\">\t\t<p class=\"category uppercase is-smaller no-text-overflow product-cat op-8\">\n\t\t\tSomiers i Bases\t\t<\/p>\n\t<p class=\"name product-title woocommerce-loop-product__title\"><a href=\"https:\/\/somnismar.com\/ca\/producte\/pack-somier-articulat-electric-arti\/\" class=\"woocommerce-LoopProduct-link woocommerce-loop-product__link\">Pack somier articulat el\u00e8ctric ARTI<\/a><\/p><\/div><div class=\"price-wrapper\">\n\t<span class=\"price\">a partir de <span class=\"woocommerce-Price-amount amount\"><bdi>630,00&nbsp;<span class=\"woocommerce-Price-currencySymbol\">&euro;<\/span><\/bdi><\/span><\/span>\n<\/div>\t\t<\/div>\n\t<\/div>\n\t\t<\/div>\n<\/div><div class=\"product-small col has-hover product type-product post-49314 status-publish instock product_cat-somiers-bases has-post-thumbnail taxable shipping-taxable purchasable product-type-variable\">\n\t<div class=\"col-inner\">\n\t\n<div class=\"badge-container absolute left top z-1\">\n\n<\/div>\n\t<div class=\"product-small box \">\n\t\t<div class=\"box-image\">\n\t\t\t<div class=\"image-fade_in_back\">\n\t\t\t\t<a href=\"https:\/\/somnismar.com\/ca\/producte\/somier-articulat-electric-ergo\/\">\n\t\t\t\t\t<img loading=\"lazy\" decoding=\"async\" width=\"300\" height=\"300\" src=\"https:\/\/somnismar.com\/wp-content\/uploads\/2023\/09\/somier-articulado-electrico-lores-300x300.jpg\" class=\"attachment-woocommerce_thumbnail size-woocommerce_thumbnail\" alt=\"Somier articulat el\u00e8ctric ERGO\" srcset=\"https:\/\/somnismar.com\/wp-content\/uploads\/2023\/09\/somier-articulado-electrico-lores-300x300.jpg 300w, https:\/\/somnismar.com\/wp-content\/uploads\/2023\/09\/somier-articulado-electrico-lores-280x280.jpg 280w, https:\/\/somnismar.com\/wp-content\/uploads\/2023\/09\/somier-articulado-electrico-lores-100x100.jpg 100w\" sizes=\"auto, (max-width: 300px) 100vw, 300px\" \/>\t\t\t\t<\/a>\n\t\t\t<\/div>\n\t\t\t<div class=\"image-tools is-small top right show-on-hover\">\n\t\t\t\t\t\t\t<\/div>\n\t\t\t<div class=\"image-tools is-small hide-for-small bottom left show-on-hover\">\n\t\t\t\t\t\t\t<\/div>\n\t\t\t<div class=\"image-tools grid-tools text-center hide-for-small bottom hover-slide-in show-on-hover\">\n\t\t\t\t<a href=\"#quick-view\" class=\"quick-view\" role=\"button\" data-prod=\"49314\" aria-haspopup=\"dialog\" aria-expanded=\"false\" data-flatsome-role-button>Vista R\u00e0pida<\/a>\t\t\t<\/div>\n\t\t\t\t\t<\/div>\n\n\t\t<div class=\"box-text box-text-products\">\n\t\t\t<div class=\"title-wrapper\">\t\t<p class=\"category uppercase is-smaller no-text-overflow product-cat op-8\">\n\t\t\tSomiers i Bases\t\t<\/p>\n\t<p class=\"name product-title woocommerce-loop-product__title\"><a href=\"https:\/\/somnismar.com\/ca\/producte\/somier-articulat-electric-ergo\/\" class=\"woocommerce-LoopProduct-link woocommerce-loop-product__link\">Somier articulat el\u00e8ctric ERGO<\/a><\/p><\/div><div class=\"price-wrapper\">\n\t<span class=\"price\">a partir de <span class=\"woocommerce-Price-amount amount\"><bdi>411,00&nbsp;<span class=\"woocommerce-Price-currencySymbol\">&euro;<\/span><\/bdi><\/span><\/span>\n<\/div>\t\t<\/div>\n\t<\/div>\n\t\t<\/div>\n<\/div><\/div>\n<div class=\"container section-title-container\" ><h3 class=\"section-title section-title-center\"><b aria-hidden=\"true\"><\/b><span class=\"section-title-main\" >Cat\u00e0leg<\/span><b aria-hidden=\"true\"><\/b><\/h3><\/div>\n\n  \n    <div class=\"row large-columns-5 medium-columns-3 small-columns-2 row-small has-shadow row-box-shadow-3 slider row-slider slider-nav-reveal slider-nav-push\"  data-flickity-options='{&quot;imagesLoaded&quot;: true, &quot;groupCells&quot;: &quot;100%&quot;, &quot;dragThreshold&quot; : 5, &quot;cellAlign&quot;: &quot;left&quot;,&quot;wrapAround&quot;: true,&quot;prevNextButtons&quot;: true,&quot;percentPosition&quot;: true,&quot;pageDots&quot;: false, &quot;rightToLeft&quot;: false, &quot;autoPlay&quot; : 6000}' >\n\n  <div class=\"product-category col\" >\n            <div class=\"col-inner\">\n              <a aria-label=\"Visiteu la categoria de producte Matalassos viscoel\u00e0stics\" href=\"https:\/\/somnismar.com\/ca\/categoria-producte\/matalassos-viscoelastics\/\">                <div class=\"box box-category has-hover box-default \">\n                <div class=\"box-image\" >\n                  <div class=\"\" >\n                  <img loading=\"lazy\" decoding=\"async\" src=\"https:\/\/somnismar.com\/wp-content\/uploads\/2023\/09\/viscoelastica-categoria-250px-300x250.jpg\" alt=\"Matalassos viscoel\u00e0stics\" width=\"300\" height=\"300\" \/>                                                      <\/div>\n                <\/div>\n                <div class=\"box-text text-center is-large dark\" style=\"background-color:rgb(0, 159, 216);padding:10px 10px 10px 10px;\">\n                  <div class=\"box-text-inner\">\n                      <h5 class=\"uppercase header-title\">\n                              Matalassos viscoel\u00e0stics                      <\/h5>\n                                            \n                  <\/div>\n                <\/div>\n                <\/div>\n            <\/a>            <\/div>\n            <\/div><div class=\"product-category col\" >\n            <div class=\"col-inner\">\n              <a aria-label=\"Visiteu la categoria de producte Matalassos de L\u00e0tex\" href=\"https:\/\/somnismar.com\/ca\/categoria-producte\/matalassos-latex\/\">                <div class=\"box box-category has-hover box-default \">\n                <div class=\"box-image\" >\n                  <div class=\"\" >\n                  <img loading=\"lazy\" decoding=\"async\" src=\"https:\/\/somnismar.com\/wp-content\/uploads\/2023\/09\/latex-categoria-250px-300x250.jpg\" alt=\"Matalassos de L\u00e0tex\" width=\"300\" height=\"300\" \/>                                                      <\/div>\n                <\/div>\n                <div class=\"box-text text-center is-large dark\" style=\"background-color:rgb(0, 159, 216);padding:10px 10px 10px 10px;\">\n                  <div class=\"box-text-inner\">\n                      <h5 class=\"uppercase header-title\">\n                              Matalassos de L\u00e0tex                      <\/h5>\n                                            \n                  <\/div>\n                <\/div>\n                <\/div>\n            <\/a>            <\/div>\n            <\/div><div class=\"product-category col\" >\n            <div class=\"col-inner\">\n              <a aria-label=\"Visiteu la categoria de producte Matalassos de Molles\" href=\"https:\/\/somnismar.com\/ca\/categoria-producte\/matalassos-molles\/\">                <div class=\"box box-category has-hover box-default \">\n                <div class=\"box-image\" >\n                  <div class=\"\" >\n                  <img loading=\"lazy\" decoding=\"async\" src=\"https:\/\/somnismar.com\/wp-content\/uploads\/2023\/09\/molles-ensacades-categoria.jpg\" alt=\"Matalassos de Molles\" width=\"300\" height=\"300\" \/>                                                      <\/div>\n                <\/div>\n                <div class=\"box-text text-center is-large dark\" style=\"background-color:rgb(0, 159, 216);padding:10px 10px 10px 10px;\">\n                  <div class=\"box-text-inner\">\n                      <h5 class=\"uppercase header-title\">\n                              Matalassos de Molles                      <\/h5>\n                                            \n                  <\/div>\n                <\/div>\n                <\/div>\n            <\/a>            <\/div>\n            <\/div><div class=\"product-category col\" >\n            <div class=\"col-inner\">\n              <a aria-label=\"Visiteu la categoria de producte Canap\u00e8s abatibles\" href=\"https:\/\/somnismar.com\/ca\/categoria-producte\/canapes-ca\/\">                <div class=\"box box-category has-hover box-default \">\n                <div class=\"box-image\" >\n                  <div class=\"\" >\n                  <img loading=\"lazy\" decoding=\"async\" src=\"https:\/\/somnismar.com\/wp-content\/uploads\/2023\/09\/canape-categoria-250px-300x250.jpg\" alt=\"Canap\u00e8s abatibles\" width=\"300\" height=\"300\" \/>                                                      <\/div>\n                <\/div>\n                <div class=\"box-text text-center is-large dark\" style=\"background-color:rgb(0, 159, 216);padding:10px 10px 10px 10px;\">\n                  <div class=\"box-text-inner\">\n                      <h5 class=\"uppercase header-title\">\n                              Canap\u00e8s abatibles                      <\/h5>\n                                            \n                  <\/div>\n                <\/div>\n                <\/div>\n            <\/a>            <\/div>\n            <\/div><div class=\"product-category col\" >\n            <div class=\"col-inner\">\n              <a aria-label=\"Visiteu la categoria de producte Somiers i Bases\" href=\"https:\/\/somnismar.com\/ca\/categoria-producte\/somiers-bases\/\">                <div class=\"box box-category has-hover box-default \">\n                <div class=\"box-image\" >\n                  <div class=\"\" >\n                  <img loading=\"lazy\" decoding=\"async\" src=\"https:\/\/somnismar.com\/wp-content\/uploads\/2023\/09\/somier-articulado-motor-250px-300x250.jpg\" alt=\"Somiers i Bases\" width=\"300\" height=\"300\" \/>                                                      <\/div>\n                <\/div>\n                <div class=\"box-text text-center is-large dark\" style=\"background-color:rgb(0, 159, 216);padding:10px 10px 10px 10px;\">\n                  <div class=\"box-text-inner\">\n                      <h5 class=\"uppercase header-title\">\n                              Somiers i Bases                      <\/h5>\n                                            \n                  <\/div>\n                <\/div>\n                <\/div>\n            <\/a>            <\/div>\n            <\/div><div class=\"product-category col\" >\n            <div class=\"col-inner\">\n              <a aria-label=\"Visiteu la categoria de producte Coixins\" href=\"https:\/\/somnismar.com\/ca\/categoria-producte\/coixins\/\">                <div class=\"box box-category has-hover box-default \">\n                <div class=\"box-image\" >\n                  <div class=\"\" >\n                  <img loading=\"lazy\" decoding=\"async\" src=\"https:\/\/somnismar.com\/wp-content\/uploads\/2023\/09\/almohadas-categoria-250px-300x250.jpg\" alt=\"Coixins\" width=\"300\" height=\"300\" \/>                                                      <\/div>\n                <\/div>\n                <div class=\"box-text text-center is-large dark\" style=\"background-color:rgb(0, 159, 216);padding:10px 10px 10px 10px;\">\n                  <div class=\"box-text-inner\">\n                      <h5 class=\"uppercase header-title\">\n                              Coixins                      <\/h5>\n                                            \n                  <\/div>\n                <\/div>\n                <\/div>\n            <\/a>            <\/div>\n            <\/div><div class=\"product-category col\" >\n            <div class=\"col-inner\">\n              <a aria-label=\"Visiteu la categoria de producte Roba per la Llar\" href=\"https:\/\/somnismar.com\/ca\/categoria-producte\/roba-llar\/\">                <div class=\"box box-category has-hover box-default \">\n                <div class=\"box-image\" >\n                  <div class=\"\" >\n                  <img loading=\"lazy\" decoding=\"async\" src=\"https:\/\/somnismar.com\/wp-content\/uploads\/2023\/09\/ropa-de-cama-categoria-250px-300x250.jpg\" alt=\"Roba per la Llar\" width=\"300\" height=\"300\" \/>                                                      <\/div>\n                <\/div>\n                <div class=\"box-text text-center is-large dark\" style=\"background-color:rgb(0, 159, 216);padding:10px 10px 10px 10px;\">\n                  <div class=\"box-text-inner\">\n                      <h5 class=\"uppercase header-title\">\n                              Roba per la Llar                      <\/h5>\n                                            \n                  <\/div>\n                <\/div>\n                <\/div>\n            <\/a>            <\/div>\n            <\/div><\/div>\n<div class=\"row\"  id=\"row-596476480\">\n\n\t<div id=\"col-1431023394\" class=\"col small-12 large-12\"  >\n\t\t\t\t<div class=\"col-inner\"  >\n\t\t\t\n\t\t\t\n<div id=\"m4109\" class=\"module text\">\n<div id=\"m4109\" class=\"module text\">\n<p>Un somier \u00e9s un suport flexible sobre el qual es col\u00b7loca el matal\u00e0s. Consisteix en un bastidor met\u00e0l\u00b7lic o de fusta sobre el qual s&#8217;encastren transversalment una s\u00e8rie de l\u00e0mines de fusta o altre material. Les de fusta solen ser de faig o, en la seva gamma m\u00e9s barata, de pollancre. Tamb\u00e9 es fabriquen amb l\u00e0mines de fibra de vidre encara que estan menys esteses. En mides de matrimoni, el bastidor disposa de travesser central.<\/p>\n<p>La fermesa del somier dependr\u00e0 del nombre i l&#8217;amplada de l\u00e0mines. Aix\u00ed mateix, pot oferir sistemes de regulaci\u00f3 de fermesa per adaptar-se al diferent pes dels usuaris. L&#8217;adequaci\u00f3 s&#8217;aconsegueix agrupant o alliberant un nombre determinat de l\u00e0mines mitjan\u00e7ant el despla\u00e7ament d&#8217;uns tensors.<\/p>\n<p>Un somier articulat t\u00e9 la part superior i inferior m\u00f2bil de manera que es pot ajustar a diferents posicions.<\/p>\n<p>Per a les persones amb problemes a l&#8217;esquena, dormir en un llit ajustable que es col\u00b7loqui amb una inclinaci\u00f3 lleu (de 30\u00ba a 45\u00ba, per exemple) pot ser c\u00f2mode, amb el tors col\u00b7locat m\u00e9s amunt que les extremitats inferiors i una ajuda sota les genolls per doblegar-los en un angle lleu.<\/p>\n<p><img loading=\"lazy\" decoding=\"async\" class=\"size-full wp-image-48096 aligncenter\" style=\"font-size: 14.4px; color: #555555;\" src=\"https:\/\/somnismar.com\/wp-content\/uploads\/2023\/09\/somier-articulado-motor-250px.jpg\" alt=\"somier articulado\" width=\"377\" height=\"250\" \/><\/p>\n<p>La combinaci\u00f3 de la inclinaci\u00f3 superior del cos i de lajuda del genoll pot ajudar a alleujar una mica de tensi\u00f3 de la part posterior m\u00e9s baixa. A condici\u00f3 que la persona estigui c\u00f2moda d&#8217;aquesta manera a la nit, aquesta posici\u00f3 pot donar suport a les corbes de l&#8217;espina dorsal i alleujar la pressi\u00f3 al cos sencer.<\/p>\n<h2 class=\"subtitle\">Les bases entapissades<\/h2>\n<p>Les bases entapissades s\u00f3n estructures que serveixen de suport per als nostres matalassos; estan compostes d&#8217;una estructura d&#8217;acer perimetral que pot tenir des d&#8217;un fins a cinc travessers d&#8217;acer per refor\u00e7ar-los. Aquesta estructura \u00e9s l&#8217;eix principal de la base entapissada i s&#8217;hi pot disposar d&#8217;un tauler sobre el qual col\u00b7locarem el matal\u00e0s. Aquest tauler quan la base va entapissada en malla 3D t\u00e9 microperforacions per facilitar el flux d\u02bbaire cap a la cara inferior del matal\u00e0s.<\/p>\n<p><img loading=\"lazy\" decoding=\"async\" class=\"size-full wp-image-47853 aligncenter\" src=\"https:\/\/somnismar.com\/wp-content\/uploads\/2023\/08\/base-tapizada.jpg\" alt=\"base tapizada\" width=\"389\" height=\"243\" \/><\/p>\n<h2>Quin suport he de triar?<\/h2>\n<p>El suport dep\u00e8n, en la major part dels casos, del tipus de matal\u00e0s que vol col\u00b7locar a sobre. Per als\u00a0matalassos de molls, biocel i viscoel\u00e0stica qualsevol somier o base entapissada \u00e9s adequat. No obstant aix\u00f2 per a matalassos de l\u00e0tex cal que la base sigui un somier amb lamel\u00b7les de fusta (no plastificades). Els matalassos de l\u00e0tex precisen de transpiraci\u00f3 per ambdues cares i \u00e9s per aix\u00f2 que necessiten somiers de l\u00e0mines. Cal esmentar que cap matal\u00e0s ha de descansar sobre somiers de molls o altre tipus de bases susceptibles de deformaci\u00f3, ja que en aquest cas la vida \u00fatil del matal\u00e0s es veur\u00e0 redu\u00efda considerablement.<\/p>\n\t\t<\/div>\n\t\t\t\t\n<style>\n#col-1431023394 > .col-inner {\n  padding: 0px 20px 0px 20px;\n}\n<\/style>\n\t<\/div>\n\n\t\n\n<style>\n#row-596476480 > .col > .col-inner {\n  padding: 50px 0px 0px 0px;\n}\n<\/style>\n<\/div>\n\t\t<\/div>\n\n\t\t\n<style>\n#section_757066846 {\n  padding-top: 50px;\n  padding-bottom: 50px;\n}\n#section_757066846 .section-bg-overlay {\n  background-color: rgba(255, 255, 255, 0.901);\n}\n@media (min-width:550px) {\n  #section_757066846 {\n    padding-top: 100px;\n    padding-bottom: 100px;\n  }\n}\n<\/style>\n\t<\/section>\n\t\n","protected":false},"excerpt":{"rendered":"","protected":false},"author":1,"featured_media":0,"parent":48418,"menu_order":0,"comment_status":"closed","ping_status":"closed","template":"","meta":{"footnotes":""},"class_list":["post-48442","page","type-page","status-publish","hentry"],"_links":{"self":[{"href":"https:\/\/somnismar.com\/ca\/wp-json\/wp\/v2\/pages\/48442","targetHints":{"allow":["GET"]}}],"collection":[{"href":"https:\/\/somnismar.com\/ca\/wp-json\/wp\/v2\/pages"}],"about":[{"href":"https:\/\/somnismar.com\/ca\/wp-json\/wp\/v2\/types\/page"}],"author":[{"embeddable":true,"href":"https:\/\/somnismar.com\/ca\/wp-json\/wp\/v2\/users\/1"}],"replies":[{"embeddable":true,"href":"https:\/\/somnismar.com\/ca\/wp-json\/wp\/v2\/comments?post=48442"}],"version-history":[{"count":6,"href":"https:\/\/somnismar.com\/ca\/wp-json\/wp\/v2\/pages\/48442\/revisions"}],"predecessor-version":[{"id":50800,"href":"https:\/\/somnismar.com\/ca\/wp-json\/wp\/v2\/pages\/48442\/revisions\/50800"}],"up":[{"embeddable":true,"href":"https:\/\/somnismar.com\/ca\/wp-json\/wp\/v2\/pages\/48418"}],"wp:attachment":[{"href":"https:\/\/somnismar.com\/ca\/wp-json\/wp\/v2\/media?parent=48442"}],"curies":[{"name":"wp","href":"https:\/\/api.w.org\/{rel}","templated":true}]}}