{"id":48408,"date":"2013-08-11T19:22:53","date_gmt":"2013-08-11T19:22:53","guid":{"rendered":"https:\/\/somnismar.com\/contacto\/"},"modified":"2023-09-27T16:34:29","modified_gmt":"2023-09-27T16:34:29","slug":"contacte","status":"publish","type":"page","link":"https:\/\/somnismar.com\/ca\/contacte\/","title":{"rendered":"Matalassos i complements per al descans a L&#8217;Escala"},"content":{"rendered":"\n  <div class=\"banner has-hover has-parallax\" id=\"banner-1255695380\">\n          <div class=\"banner-inner fill\">\n        <div class=\"banner-bg fill\" data-parallax=\"-5\" data-parallax-container=\".banner\" data-parallax-background>\n            <img loading=\"lazy\" decoding=\"async\" width=\"934\" height=\"678\" src=\"https:\/\/somnismar.com\/wp-content\/uploads\/2023\/09\/somnismar-botiga.jpg\" class=\"bg attachment-large size-large\" alt=\"foto fachada tienda somnismar\" \/>                                    \n                    <\/div>\n\t\t\n        <div class=\"banner-layers container\">\n            <div class=\"fill banner-link\"><\/div>            \n        <\/div>\n      <\/div>\n\n            \n<style>\n#banner-1255695380 {\n  padding-top: 400px;\n}\n#banner-1255695380 .banner-bg img {\n  object-position: 97% 17%;\n}\n<\/style>\n  <\/div>\n\n\n\n\t<section class=\"section\" id=\"section_1263530224\">\n\t\t<div class=\"section-bg fill\" >\n\t\t\t<img loading=\"lazy\" decoding=\"async\" width=\"1000\" height=\"650\" src=\"https:\/\/somnismar.com\/wp-content\/uploads\/2016\/08\/dummy-2.jpg\" class=\"bg attachment- size-\" alt=\"\" \/>\t\t\t\t\t\t<div class=\"section-bg-overlay absolute fill\"><\/div>\n\t\t\t\n\n\t\t<\/div>\n\n\t\t\n\n\t\t<div class=\"section-content relative\">\n\t\t\t\n<div class=\"row align-center\"  id=\"row-185337299\">\n\n\t<div id=\"col-1676663027\" class=\"col medium-10 small-12 large-10\"  >\n\t\t\t\t<div class=\"col-inner text-center box-shadow-3\" style=\"background-color:rgb(243, 243, 243);\" >\n\t\t\t\n\t\t\t\n<div class=\"container section-title-container\" ><h1 class=\"section-title section-title-normal\"><b aria-hidden=\"true\"><\/b><span class=\"section-title-main\" >BOTIGA SOMNIS MAR a L'ESCALA<\/span><b aria-hidden=\"true\"><\/b><\/h1><\/div>\n<p style=\"text-align: justify;\">M\u00e9s de 35 anys al sector del descans \u00e9s la nostra millor garantia. Assessorant en tot el possible perqu\u00e8 cada client, segons la seva edat, al\u00e7ada, estat corporal, etc\u00e8tera, pugui relaxar-se i descansar amb tranquil\u00b7litat al <strong>comprar un dels nostres matalassos online<\/strong> o a la nostra botiga de <a href=\"\/ca\/contact\/\">L&#8217;Escala<\/a>.<\/p>\n<div class=\"is-divider divider clearfix\" style=\"max-width:300px;\"><\/div>\n<div class=\"row align-middle\"  id=\"row-1960356919\">\n\n\t<div id=\"col-1464138641\" class=\"col medium-6 small-12 large-6\"  >\n\t\t\t\t<div class=\"col-inner\"  >\n\t\t\t\n\t\t\t\n\t<div class=\"img has-hover x md-x lg-x y md-y lg-y\" id=\"image_1047998297\">\n\t\t\t\t\t\t\t\t<div class=\"img-inner dark\" style=\"margin:25px 0px 50px 0px;\">\n\t\t\t<img loading=\"lazy\" decoding=\"async\" width=\"934\" height=\"678\" src=\"https:\/\/somnismar.com\/wp-content\/uploads\/2023\/09\/somnismar-botiga.jpg\" class=\"attachment-large size-large\" alt=\"foto fachada tienda somnismar\" srcset=\"https:\/\/somnismar.com\/wp-content\/uploads\/2023\/09\/somnismar-botiga.jpg 934w, https:\/\/somnismar.com\/wp-content\/uploads\/2023\/09\/somnismar-botiga-551x400.jpg 551w, https:\/\/somnismar.com\/wp-content\/uploads\/2023\/09\/somnismar-botiga-768x557.jpg 768w, https:\/\/somnismar.com\/wp-content\/uploads\/2023\/09\/somnismar-botiga-600x436.jpg 600w\" sizes=\"auto, (max-width: 934px) 100vw, 934px\" \/>\t\t\t\t\t\t\n\t\t\t\t\t<\/div>\n\t\t\t\t\t\t\t\t\n<style>\n#image_1047998297 {\n  width: 100%;\n}\n@media (min-width:550px) {\n  #image_1047998297 {\n    width: 100%;\n  }\n}\n<\/style>\n\t<\/div>\n\t\n\t\t<\/div>\n\t\t\t\t\t<\/div>\n\n\t\n\n\t<div id=\"col-1965934511\" class=\"col medium-6 small-12 large-6\"  >\n\t\t\t\t<div class=\"col-inner\"  >\n\t\t\t\n\t\t\t\n\t<div id=\"text-3552656562\" class=\"text\">\n\t\t\n<h5>c\/ AVE MARIA, 34<\/h5>\n<h5>17130 L\u2019ESCALA, Girona<\/h5>\n<h5>872 20 15 77<\/h5>\n<h5>somnismar@yahoo.es<\/h5>\n\t\t\n<style>\n#text-3552656562 {\n  text-align: center;\n}\n<\/style>\n\t<\/div>\n\t\n\t\t<\/div>\n\t\t\t\t\t<\/div>\n\n\t\n<\/div>\n\t\t<\/div>\n\t\t\t\t\n<style>\n#col-1676663027 > .col-inner {\n  padding: 20px 20px 0px 20px;\n  margin: 0px 0px 100px 0px;\n}\n<\/style>\n\t<\/div>\n\n\t\n<\/div>\n<div class=\"container section-title-container\" ><h3 class=\"section-title section-title-normal\"><b aria-hidden=\"true\"><\/b><span class=\"section-title-main\" >ENVIA'NS UN MISSATGE<\/span><b aria-hidden=\"true\"><\/b><\/h3><\/div>\n<div class=\"row align-center\"  id=\"row-1481712628\">\n\n\t<div id=\"col-770475556\" class=\"col medium-10 small-12 large-10\"  >\n\t\t\t\t<div class=\"col-inner text-left box-shadow-2\" style=\"background-color:rgb(224, 224, 224);\" >\n\t\t\t\n\t\t\t\n\n<div class=\"wpcf7 no-js\" id=\"wpcf7-f39397-o1\" lang=\"es-ES\" dir=\"ltr\" data-wpcf7-id=\"39397\">\n<div class=\"screen-reader-response\"><p role=\"status\" aria-live=\"polite\" aria-atomic=\"true\"><\/p> <ul><\/ul><\/div>\n<form action=\"\/ca\/wp-json\/wp\/v2\/pages\/48408#wpcf7-f39397-o1\" method=\"post\" class=\"wpcf7-form init\" aria-label=\"Formulario de contacto\" novalidate=\"novalidate\" data-status=\"init\">\n<fieldset class=\"hidden-fields-container\"><input type=\"hidden\" name=\"_wpcf7\" value=\"39397\" \/><input type=\"hidden\" name=\"_wpcf7_version\" value=\"6.1.5\" \/><input type=\"hidden\" name=\"_wpcf7_locale\" value=\"es_ES\" \/><input type=\"hidden\" name=\"_wpcf7_unit_tag\" value=\"wpcf7-f39397-o1\" \/><input type=\"hidden\" name=\"_wpcf7_container_post\" value=\"0\" \/><input type=\"hidden\" name=\"_wpcf7_posted_data_hash\" value=\"\" \/><input type=\"hidden\" name=\"_wpcf7_recaptcha_response\" value=\"\" \/>\n<\/fieldset>\n<p><label> Nom<br \/>\n<span class=\"wpcf7-form-control-wrap\" data-name=\"your-name\"><input size=\"40\" maxlength=\"400\" class=\"wpcf7-form-control wpcf7-text wpcf7-validates-as-required\" aria-required=\"true\" aria-invalid=\"false\" value=\"\" type=\"text\" name=\"your-name\" \/><\/span> <\/label>\n<\/p>\n<p><label> Email<br \/>\n<span class=\"wpcf7-form-control-wrap\" data-name=\"your-email\"><input size=\"40\" maxlength=\"400\" class=\"wpcf7-form-control wpcf7-email wpcf7-validates-as-required wpcf7-text wpcf7-validates-as-email\" aria-required=\"true\" aria-invalid=\"false\" value=\"\" type=\"email\" name=\"your-email\" \/><\/span> <\/label>\n<\/p>\n<p><label> Missatge<br \/>\n<span class=\"wpcf7-form-control-wrap\" data-name=\"your-message\"><textarea cols=\"40\" rows=\"10\" maxlength=\"2000\" class=\"wpcf7-form-control wpcf7-textarea\" aria-invalid=\"false\" name=\"your-message\"><\/textarea><\/span> <\/label>\n<\/p>\n<p><span class=\"wpcf7-form-control-wrap\" data-name=\"privacidad\"><span class=\"wpcf7-form-control wpcf7-acceptance\"><span class=\"wpcf7-list-item\"><label><input type=\"checkbox\" name=\"privacidad\" value=\"1\" aria-invalid=\"false\" \/><span class=\"wpcf7-list-item-label\">* He llegit i Accepto la <a href=\"\/ca\/privacitat\/\" target=\"_blank\" rel=\"nofollow noreferrer noopener\">Pol\u00edtica de Privacitat<\/a><\/span><\/label><\/span><\/span><\/span>\n<\/p>\n<p><span class=\"wpcf7-form-control-wrap\" data-name=\"consentiment_newsletter\"><span class=\"wpcf7-form-control wpcf7-acceptance optional\"><span class=\"wpcf7-list-item\"><label><input type=\"checkbox\" name=\"consentiment_newsletter\" value=\"1\" aria-invalid=\"false\" \/><span class=\"wpcf7-list-item-label\">DESITJO rebre informaci\u00f3 comercial de SOMNIS MAR ocasionalment i per mail<\/span><\/label><\/span><\/span><\/span>\n<\/p>\n\n<p>*obligatori\n<\/p>\n<p><input class=\"wpcf7-form-control wpcf7-submit has-spinner\" type=\"submit\" value=\"Enviar\" \/>\n<\/p><div class=\"wpcf7-response-output\" aria-hidden=\"true\"><\/div>\n<\/form>\n<\/div>\n\n\t\t<\/div>\n\t\t\t\t\n<style>\n#col-770475556 > .col-inner {\n  padding: 20px 20px 0px 20px;\n}\n<\/style>\n\t<\/div>\n\n\t\n<\/div>\n\t\t<\/div>\n\n\t\t\n<style>\n#section_1263530224 {\n  padding-top: 90px;\n  padding-bottom: 90px;\n}\n#section_1263530224 .section-bg-overlay {\n  background-color: rgba(255, 255, 255, 0.174);\n}\n<\/style>\n\t<\/section>\n\t\n\n\t<script type=\"text\/javascript\">\n  jQuery( document ).ready(function() {\n    function initialize() {\n        var styles = {\n            'flatsome':  [{\n            \"featureType\": \"administrative\",\n            \"stylers\": [\n              { \"visibility\": \"on\" }\n            ]\n          },\n          {\n            \"featureType\": \"road\",\n            \"stylers\": [\n              { \"visibility\": \"on\" },\n              { \"hue\": \"\" }\n            ]\n          },\n          {\n            \"stylers\": [\n\t\t\t  { \"visibility\": \"on\" },\n\t\t\t  { \"hue\": \"\" },\n\t\t\t  { \"saturation\": -30 }\n            ]\n          }\n        ]};\n\n        var myLatlng = new google.maps.LatLng(42.12328, 3.1326208);\n        var myOptions = {\n            zoom: 17,\n            center: myLatlng,\n            mapTypeId: google.maps.MapTypeId.ROADMAP,\n            disableDefaultUI: true,\n            mapTypeId: 'flatsome',\n            draggable: true,\n            zoomControl: false,\n            zoomControlOptions: {\n              position: google.maps.ControlPosition.TOP_LEFT\n            },\n      \t\t\tmapTypeControl: false,\n            mapTypeControlOptions: {\n              position: google.maps.ControlPosition.TOP_LEFT\n            },\n      \t\t\tstreetViewControl: false,\n            streetViewControlOptions: {\n              position: google.maps.ControlPosition.TOP_LEFT\n            },\n            scrollwheel: false,\n            disableDoubleClickZoom: true\n        }\n        var map = new google.maps.Map(document.getElementById(\"map-1990631849-inner\"), myOptions);\n        var styledMapType = new google.maps.StyledMapType(styles['flatsome'], {name: 'flatsome'});\n        map.mapTypes.set('flatsome', styledMapType);\n\n        var marker = new google.maps.Marker({\n            position: myLatlng,\n            map: map,\n            title:\"\"\n        });\n    }\n\n    \/\/ Required to proceed\n    if (!(typeof google === 'object' && typeof google.maps === 'object')) {\n      return\n    }\n\n    initialize()\n    google.maps.event.addDomListener(window, 'resize', initialize);\n    });\n    <\/script>\n\n    <div class=\"google-map relative mb\" id=\"map-1990631849\">\n        <div class=\"map-height\" id=\"map-1990631849-inner\"><\/div>\n        <div id=\"map_overlay_top\"><\/div>\n        <div id=\"map_overlay_bottom\"><\/div>\n         \n       \n<style>\n#map-1990631849 .map-inner {\n  background-color: #fff;\n  max-width: 57%;\n}\n#map-1990631849 .map-height {\n  height: 400px;\n}\n@media (min-width:550px) {\n  #map-1990631849 .map-inner {\n    max-width: 30%;\n  }\n}\n<\/style>\n    <\/div>\n\n\t\n","protected":false},"excerpt":{"rendered":"","protected":false},"author":1,"featured_media":46331,"parent":0,"menu_order":0,"comment_status":"closed","ping_status":"closed","template":"page-blank.php","meta":{"footnotes":""},"class_list":["post-48408","page","type-page","status-publish","has-post-thumbnail","hentry"],"_links":{"self":[{"href":"https:\/\/somnismar.com\/ca\/wp-json\/wp\/v2\/pages\/48408","targetHints":{"allow":["GET"]}}],"collection":[{"href":"https:\/\/somnismar.com\/ca\/wp-json\/wp\/v2\/pages"}],"about":[{"href":"https:\/\/somnismar.com\/ca\/wp-json\/wp\/v2\/types\/page"}],"author":[{"embeddable":true,"href":"https:\/\/somnismar.com\/ca\/wp-json\/wp\/v2\/users\/1"}],"replies":[{"embeddable":true,"href":"https:\/\/somnismar.com\/ca\/wp-json\/wp\/v2\/comments?post=48408"}],"version-history":[{"count":3,"href":"https:\/\/somnismar.com\/ca\/wp-json\/wp\/v2\/pages\/48408\/revisions"}],"predecessor-version":[{"id":49301,"href":"https:\/\/somnismar.com\/ca\/wp-json\/wp\/v2\/pages\/48408\/revisions\/49301"}],"wp:featuredmedia":[{"embeddable":true,"href":"https:\/\/somnismar.com\/ca\/wp-json\/wp\/v2\/media\/46331"}],"wp:attachment":[{"href":"https:\/\/somnismar.com\/ca\/wp-json\/wp\/v2\/media?parent=48408"}],"curies":[{"name":"wp","href":"https:\/\/api.w.org\/{rel}","templated":true}]}}