{"id":40387,"date":"2021-04-27T17:52:41","date_gmt":"2021-04-27T17:52:41","guid":{"rendered":"http:\/\/somnismar.com\/cookie-policy\/"},"modified":"2023-09-20T08:48:02","modified_gmt":"2023-09-20T08:48:02","slug":"cookies","status":"publish","type":"page","link":"https:\/\/somnismar.com\/ca\/cookies\/","title":{"rendered":"Pol\u00edtica de Cookies"},"content":{"rendered":"<div class=\"cli_pg_page_contaner\">\n\n\t<section class=\"section\" id=\"section_705492707\">\n\t\t<div class=\"section-bg fill\" >\n\t\t\t\t\t\t\t\t\t\n\t\t\t\n\n\t\t<\/div>\n\n\t\t\n\n\t\t<div class=\"section-content relative\">\n\t\t\t\n<div class=\"row\"  id=\"row-1965482325\">\n\n\t<div id=\"col-1613039696\" class=\"col small-12 large-12\"  >\n\t\t\t\t<div class=\"col-inner\"  >\n\t\t\t\n\t\t\t\n<h2>Pol\u00edtica de Cookies<\/h2>\n<h3>Sobre aquesta pol\u00edtica de cookies<\/h3>\n<p>Aquesta pol\u00edtica de cookies explica qu\u00e8 s\u00f3n les cookies i com les fem servir, els tipus de cookies que fem servir, \u00e9s a dir, la informaci\u00f3 que recopilem mitjan\u00e7ant cookies i com s\u2019utilitza aquesta informaci\u00f3 i com controlar les prefer\u00e8ncies de cookies. Per obtenir m\u00e9s informaci\u00f3 sobre com fem servir, emmagatzemem i mantenim segures les vostres dades personals, consulteu la nostra Pol\u00edtica de privadesa.<\/p>\n<p>Podeu canviar o retirar el vostre consentiment en qualsevol moment de la Declaraci\u00f3 de cookies del nostre lloc web<br \/>\nObteniu m\u00e9s informaci\u00f3 sobre qui som, com podeu contactar amb nosaltres i com processem les dades personals a la nostra Pol\u00edtica de privadesa.<br \/>\nEl vostre consentiment s\u2019aplica als dominis seg\u00fcents: <strong><i>somnismar.com<\/i><\/strong><br \/>\n<div class=\"cli_user_consent_state\">L'estat actual: No s'ha donat consentiment. <a class=\"cli_manage_current_consent\" style=\"cursor:pointer;text-decoration:underline;\">Gestiona el consentiment.<\/a> <\/div>\n<h3><\/h3>\n<h3>Qu\u00e8 s\u00f3n les cookies?<\/h3>\n<p>Les cookies s\u00f3n petits fitxers de text que s\u2019utilitzen per emmagatzemar petites dades. S\u2019emmagatzemen al dispositiu quan es carrega el lloc web al navegador. Aquestes cookies ens ajuden a fer que el lloc web funcioni correctament, a fer-lo m\u00e9s segur, a proporcionar una millor experi\u00e8ncia d\u2019usuari i a entendre el funcionament del lloc web i analitzar qu\u00e8 funciona i on necessita una millora.<\/p>\n<h3>Com fem servir les cookies?<\/h3>\n<p>Com la majoria dels serveis en l\u00ednia, el nostre lloc web utilitza cookies pr\u00f2pies i de tercers per a diversos prop\u00f2sits. Les galetes pr\u00f2pies s\u00f3n b\u00e0sicament necess\u00e0ries perqu\u00e8 el lloc web funcioni correctament i no recopilen cap de les vostres dades d\u2019identificaci\u00f3 personal.<\/p>\n<p>Les cookies de tercers que s\u2019utilitzen al nostre lloc web serveixen principalment per entendre el funcionament del lloc web, com interactueu amb el nostre lloc web, mantenir segurs els nostres serveis, proporcionar anuncis rellevants per a vosaltres i, en definitiva, proporcionar-vos un usuari millor i millorat experimentar i ajudar a accelerar les seves futures interaccions amb el nostre lloc web.<\/p>\n<h3>Quins tipus de cookies fem servir?<\/h3>\n<p><em><b>NECESS\u00c0RIES<\/b><\/em><b>:<br \/>\n<\/b>algunes cookies s\u00f3n essencials perqu\u00e8 pugueu experimentar la plena funcionalitat del nostre lloc. Ens permeten mantenir sessions d\u2019usuaris i prevenir amenaces de seguretat. No recopilen ni emmagatzemen cap informaci\u00f3 personal. Per exemple, aquestes galetes us permeten iniciar la sessi\u00f3 al vostre compte i afegir productes a la cistella i fer la compra de forma segura.<\/p>\n<p>Cookies <em>NECESS\u00c0RIES<\/em> utilitzades en aquest lloc web:<br \/>\n<table class=\"cookielawinfo-row-cat-table cookielawinfo-winter\"><thead><tr><th class=\"cookielawinfo-column-1\">Galeta<\/th><th class=\"cookielawinfo-column-3\">Durada<\/th><th class=\"cookielawinfo-column-4\">Descripci\u00f3<\/th><\/tr><\/thead><tbody><tr class=\"cookielawinfo-row\"><td class=\"cookielawinfo-column-1\">_GRECAPTCHA<\/td><td class=\"cookielawinfo-column-3\">6 meses<\/td><td class=\"cookielawinfo-column-4\">El servicio Recaptcha de Google establece esta cookie para identificar robots para proteger el sitio web contra ataques de spam maliciosos.<\/td><\/tr><tr class=\"cookielawinfo-row\"><td class=\"cookielawinfo-column-1\">cookielawinfo-checkbox-analytics<\/td><td class=\"cookielawinfo-column-3\">11 meses<\/td><td class=\"cookielawinfo-column-4\">Cookie establerta pel complement GDPR Cookie Consent per a recordar el consentiment de l'usuari de les galetes categoritzades com \"Anal\u00edtiques\".<\/td><\/tr><tr class=\"cookielawinfo-row\"><td class=\"cookielawinfo-column-1\">cookielawinfo-checkbox-necessary<\/td><td class=\"cookielawinfo-column-3\">11 meses<\/td><td class=\"cookielawinfo-column-4\">Cookie establerta pel complement de GDPR Cookie Consent per a recordar el consentiment de l'usuari de les galetes categoritzades com \"Obligat\u00f2ries\".<\/td><\/tr><tr class=\"cookielawinfo-row\"><td class=\"cookielawinfo-column-1\">CookieLawInfoConsent<\/td><td class=\"cookielawinfo-column-3\">1 a\u00f1o<\/td><td class=\"cookielawinfo-column-4\">Cookie generada por el plugin GDPR Cookie Consent y que se utiliza para almacenar el consentimiento del usuario para las cookies en la categor\u00eda \"No Necesarias\".<\/td><\/tr><tr class=\"cookielawinfo-row\"><td class=\"cookielawinfo-column-1\">rc::a<\/td><td class=\"cookielawinfo-column-3\">persistente<\/td><td class=\"cookielawinfo-column-4\">Esta cookie la configura el servicio de recaptcha de Google para identificar robots para proteger el sitio web de ataques de spam maliciosos.<\/td><\/tr><tr class=\"cookielawinfo-row\"><td class=\"cookielawinfo-column-1\">rc::b<\/td><td class=\"cookielawinfo-column-3\">sesi\u00f3n<\/td><td class=\"cookielawinfo-column-4\">Esta cookie la configura el servicio de recaptcha de Google para identificar robots para proteger el sitio web de ataques de spam maliciosos.<\/td><\/tr><tr class=\"cookielawinfo-row\"><td class=\"cookielawinfo-column-1\">rc::c<\/td><td class=\"cookielawinfo-column-3\">sesi\u00f3n<\/td><td class=\"cookielawinfo-column-4\">Esta cookie la configura el servicio de recaptcha de Google para identificar robots para proteger el sitio web de ataques de spam maliciosos.<\/td><\/tr><tr class=\"cookielawinfo-row\"><td class=\"cookielawinfo-column-1\">rc::f<\/td><td class=\"cookielawinfo-column-3\">persistent<\/td><td class=\"cookielawinfo-column-4\">Esta cookie la configura el servicio de recaptcha de Google para identificar robots para proteger el sitio web de ataques de spam maliciosos.<\/td><\/tr><tr class=\"cookielawinfo-row\"><td class=\"cookielawinfo-column-1\">viewed_cookie_policy<\/td><td class=\"cookielawinfo-column-3\">11 meses<\/td><td class=\"cookielawinfo-column-4\">Cookie establerta pel complement GDPR Cookie Consent per a emmagatzemar si l'usuari ha donat el seu consentiment o no per a l'\u00fas de cookies.<\/td><\/tr><tr class=\"cookielawinfo-row\"><td class=\"cookielawinfo-column-1\">wp-wpml_current_language<\/td><td class=\"cookielawinfo-column-3\">1 d\u00eda<\/td><td class=\"cookielawinfo-column-4\">Cookie establerta pel complement WPML. Guarda la configuraci\u00f3 d'idioma.<\/td><\/tr><tr class=\"cookielawinfo-row\"><td class=\"cookielawinfo-column-1\">wpEmojiSettingsSupports<\/td><td class=\"cookielawinfo-column-3\">sesi\u00f3n<\/td><td class=\"cookielawinfo-column-4\">WordPress establece esta cookie cuando un usuario interact\u00faa con emojis en un sitio de WordPress. Ayuda a determinar si el navegador del usuario puede mostrar los emojis correctamente.<\/td><\/tr><\/tbody><\/table>\n<p><em><b>ESTAD\u00cdSTIQUES<\/b><\/em><strong>:<\/strong><br \/>\naquestes cookies emmagatzemen informaci\u00f3 com el nombre de visitants del lloc web, el nombre de visitants \u00fanics, quines p\u00e0gines del lloc web s\u2019han visitat, la font de la visita, etc. Aquestes dades ens ajuden a comprendre i analitzar el rendiment del lloc web. i on cal millorar.<\/p>\n<p>Cookies <em>ESTAD\u00cdSTIQUES<\/em> utilitzades en aquest lloc web:<br \/>\n\n<p><strong><i>Funcionals<\/i><\/strong>: s\u00f3n les cookies que ajuden a determinades funcionalitats no essencials del nostre lloc web. Aquestes funcionalitats inclouen incrustar contingut com v\u00eddeos o compartir contingut del lloc web a les plataformes de xarxes socials.<\/p>\n<p><strong><i>Prefer\u00e8ncies<\/i><\/strong>: aquestes cookies ens ajuden a emmagatzemar la vostra configuraci\u00f3 i prefer\u00e8ncies de navegaci\u00f3, com ara les prefer\u00e8ncies d\u2019idioma, de manera que tingueu una experi\u00e8ncia millor i eficient en futures visites al lloc web.<\/p>\n<h3><\/h3>\n<h3>Com puc controlar les prefer\u00e8ncies de cookies?<\/h3>\n<p>Si decidiu canviar les vostres prefer\u00e8ncies m\u00e9s endavant a trav\u00e9s de la sessi\u00f3 de navegaci\u00f3, podeu fer clic a la pestanya &#8220;Pol\u00edtica de privadesa i cookies&#8221; de la pantalla. Es mostrar\u00e0 de nou l&#8217;av\u00eds de consentiment que us permetr\u00e0 canviar les vostres prefer\u00e8ncies o retirar-lo completament.<\/p>\n<p>A m\u00e9s, diferents navegadors proporcionen m\u00e8todes diferents per bloquejar i eliminar les cookies que fan servir els llocs web. Podeu canviar la configuraci\u00f3 del vostre navegador per bloquejar \/ eliminar les cookies. Per obtenir m\u00e9s informaci\u00f3 sobre com gestionar i eliminar les cookies, visiteu wikipedia.org, www.allaboutcookies.org.<\/p>\n\t\t<\/div>\n\t\t\t\t\t<\/div>\n\n\t\n<\/div>\n\t\t<\/div>\n\n\t\t\n<style>\n#section_705492707 {\n  padding-top: 30px;\n  padding-bottom: 30px;\n}\n<\/style>\n\t<\/section>\n\t\n<\/div>\n","protected":false},"excerpt":{"rendered":"","protected":false},"author":1,"featured_media":0,"parent":0,"menu_order":0,"comment_status":"closed","ping_status":"closed","template":"","meta":{"footnotes":""},"class_list":["post-40387","page","type-page","status-publish","hentry"],"_links":{"self":[{"href":"https:\/\/somnismar.com\/ca\/wp-json\/wp\/v2\/pages\/40387","targetHints":{"allow":["GET"]}}],"collection":[{"href":"https:\/\/somnismar.com\/ca\/wp-json\/wp\/v2\/pages"}],"about":[{"href":"https:\/\/somnismar.com\/ca\/wp-json\/wp\/v2\/types\/page"}],"author":[{"embeddable":true,"href":"https:\/\/somnismar.com\/ca\/wp-json\/wp\/v2\/users\/1"}],"replies":[{"embeddable":true,"href":"https:\/\/somnismar.com\/ca\/wp-json\/wp\/v2\/comments?post=40387"}],"version-history":[{"count":4,"href":"https:\/\/somnismar.com\/ca\/wp-json\/wp\/v2\/pages\/40387\/revisions"}],"predecessor-version":[{"id":48544,"href":"https:\/\/somnismar.com\/ca\/wp-json\/wp\/v2\/pages\/40387\/revisions\/48544"}],"wp:attachment":[{"href":"https:\/\/somnismar.com\/ca\/wp-json\/wp\/v2\/media?parent=40387"}],"curies":[{"name":"wp","href":"https:\/\/api.w.org\/{rel}","templated":true}]}}