{"id":40318,"date":"2021-03-29T17:34:50","date_gmt":"2021-03-29T17:34:50","guid":{"rendered":"http:\/\/somnismar.com\/politica-de-privacidad\/"},"modified":"2024-07-06T16:03:44","modified_gmt":"2024-07-06T15:03:44","slug":"legal","status":"publish","type":"page","link":"https:\/\/somnismar.com\/ca\/legal\/","title":{"rendered":"Av\u00eds Legal"},"content":{"rendered":"\n\t<section class=\"section\" id=\"section_1355195222\">\n\t\t<div class=\"section-bg fill\" >\n\t\t\t\t\t\t\t\t\t\n\t\t\t\n\n\t\t<\/div>\n\n\t\t\n\n\t\t<div class=\"section-content relative\">\n\t\t\t\n<div class=\"row\"  id=\"row-1559990296\">\n\n\t<div id=\"col-333943321\" class=\"col small-12 large-12\"  >\n\t\t\t\t<div class=\"col-inner\"  >\n\t\t\t\n\t\t\t\n<div id=\"row-1285820611\" class=\"row\">\n<div id=\"col-166226316\" class=\"col small-12 large-12\">\n<div class=\"col-inner\">\n<div id=\"row-659218723\" class=\"row\">\n<div id=\"col-1416697214\" class=\"col small-12 large-12\">\n<div class=\"col-inner\">\n<h2>Av\u00eds Legal<\/h2>\n<\/div>\n<\/div>\n<\/div>\n<div id=\"row-262738637\" class=\"row\">\n<div id=\"col-1658033399\" class=\"col small-12 large-12\">\n<div class=\"col-inner\">\n<p>1.\u00a0<a href=\"#1\">OBJECTE<\/a><br \/>\n<a href=\"#2\">2.\u00a0IDENTIFICACI\u00d3<\/a><br \/>\n<a href=\"#3\">3.\u00a0COMUNICACIONS<\/a><br \/>\n<a href=\"#4\">4.\u00a0CONDICIONS D\u2019ACC\u00c9S i UTILITZACI\u00d3<\/a><br \/>\n<a href=\"#5\">5.\u00a0LEGISLACI\u00d3 APLICABLE<\/a><\/p>\n<p id=\"1\">1. OBJECTE<\/p>\n<p>El present av\u00eds legal regula l\u2019\u00fas i utilitzaci\u00f3 del lloc web somnismar.com, del qual \u00e9s titular <strong><em>M\u00aa DEL MAR HOSTENCH MART\u00cdNEZ<\/em><\/strong>\u00a0(en endavant, EL PROPIETARI DE LA WEB).<\/p>\n<p>La navegaci\u00f3 pel lloc web del PROPIETARI DE LA WEB li atribueix la condici\u00f3 d\u2019USUARI del mateix i comporta la seva acceptaci\u00f3 plena i sense reserves de totes i cadascuna de les condicions publicades en aquest av\u00eds legal, advertint que aquestes condicions podran ser modificades sense notificaci\u00f3 pr\u00e8via per part d\u2019EL PROPIETARI DE LA WEB, en aquest cas es procedir\u00e0 a la seva publicaci\u00f3 i av\u00eds amb la m\u00e0xima rapidesa possible.<\/p>\n<p>Per aix\u00f2 \u00e9s recomanable llegir amb atenci\u00f3 el contingut seg\u00fcent en cas de desitjar accedir i fer \u00fas de la informaci\u00f3 i dels serveis oferts des d\u2019aquest lloc web.<\/p>\n<p>L\u2019usuari, a m\u00e9s, s\u2019obliga a fer un \u00fas correcte del lloc web de conformitat amb les lleis, la bona fe, l\u2019ordre p\u00fablic, els usos del tr\u00e0fic i el present Av\u00eds Legal, i respondr\u00e0 davant EL PROPIETARI DE LA WEB o davant de tercers, de qualsevol danys i perjudicis que poguessin causar com a conseq\u00fc\u00e8ncia de l\u2019incompliment d\u2019aquesta obligaci\u00f3.<\/p>\n<p>Qualsevol utilitzaci\u00f3 diferent de l\u2019autoritzada est\u00e0 expressament prohibida, i pot EL PROPIETARI DE LA WEB denegar o retirar l\u2019acc\u00e9s i el seu \u00fas en qualsevol moment.<\/p>\n<p id=\"2\">2. IDENTIFICACI\u00d3<\/p>\n<p>EL PROPIETARI DE LA WEB, en compliment de la Llei 34\/2002, de 11 de juliol, de Serveis de la Societat de la Informaci\u00f3 i de Comer\u00e7 Electr\u00f2nic, l\u2019informa que:<\/p>\n<p>\u2013 La seva denominaci\u00f3 social \u00e9s: <strong><em>M\u00aa DEL MAR HOSTENCH MART\u00cdNEZ<\/em><\/strong><\/p>\n<p>\u2013 CIF: <strong><em>40321076Y<\/em><\/strong><\/p>\n<p>\u2013 domicili social: <em><strong>AVE MARIA, n\u00ba34 Baixos 17130 L\u2019ESCALA (Girona)<\/strong><\/em><\/p>\n<p id=\"3\">3. COMUNICACIONS<\/p>\n<p>Per comunicar-se amb nosaltres, posem a la seva disposici\u00f3 diferents mitjans de contacte que detallem a continuaci\u00f3:<\/p>\n<p>\u2013 tel\u00e8fon: <strong><em>872 201 577<\/em><\/strong><\/p>\n<p>\u2013 email: <strong><em>somnismar@yahoo.es<\/em><\/strong><\/p>\n<p>Totes les notificacions i comunicacions entre els usuaris i EL PROPIETARI DE LA WEB es consideraran efica\u00e7os, a tots els efectes, quan es realitzin a trav\u00e9s de qualsevol mitj\u00e0 dels detallats anteriorment.<\/p>\n<p id=\"4\">4. CONDICIONS D\u2019ACC\u00c9S I UTILITZACI\u00d3<\/p>\n<p>El lloc web i els seus serveis s\u00f3n d\u2019acc\u00e9s lliure i gratu\u00eft. No obstant aix\u00f2, EL PROPIETARI DE LA WEB pot condicionar la utilitzaci\u00f3 d\u2019alguns dels serveis oferts a la seva web al previ emplenament del corresponent formulari.<\/p>\n<p>L\u2019usuari garanteix l\u2019autenticitat i actualitat de totes aquelles dades que comuniqui a EL PROPIETARI DE LA WEB i ser\u00e0 l\u2019\u00fanic responsable de les manifestacions falses o inexactes que realitzi.<\/p>\n<p>L\u2019usuari es compromet expressament a fer un \u00fas adequat dels continguts i serveis d\u2019EL PROPIETARI DE LA WEB i a no emprar-los per, entre d\u2019altres:<\/p>\n<p>a) Difondre continguts delictius, violents, pornogr\u00e0fics, racistes, xen\u00f2fobs, ofensius, d\u2019apologia del terrorisme o, en general, contraris a la llei o a l\u2019ordre p\u00fablic.<\/p>\n<p>b) Introduir a la xarxa virus inform\u00e0tics o realitzar actuacions susceptibles d\u2019alterar, espatllar, interrompre o generar errors o danys en els documents electr\u00f2nics, dades o sistemes f\u00edsics i l\u00f2gics del PROPIETARI DE LA WEB o de terceres persones; aix\u00ed com obstaculitzar l\u2019acc\u00e9s d\u2019altres usuaris al lloc web i als seus serveis mitjan\u00e7ant el consum massiu dels recursos inform\u00e0tics a trav\u00e9s dels quals EL PROPIETARI DE LA WEB presta els seus serveis.<\/p>\n<p>c) Intentar accedir als comptes de correu electr\u00f2nic d\u2019altres usuaris o a \u00e0rees restringides dels sistemes inform\u00e0tics del PROPIETARI DE LA WEB o de tercers i, si s\u2019escau, extreure informaci\u00f3.<\/p>\n<p>d) Vulnerar els drets de propietat intel\u00b7lectual o industrial, aix\u00ed com violar la confidencialitat de la informaci\u00f3 del PROPIETARI DE LA WEB o de tercers.<\/p>\n<p>e) Suplantar la identitat de qualsevol altre usuari.<\/p>\n<p>f) Reproduir, copiar, distribuir, posar a disposici\u00f3 de, o qualsevol altra forma de comunicaci\u00f3 p\u00fablica, transformar o modificar els continguts, llevat que es compti amb l\u2019autoritzaci\u00f3 del titular dels corresponents drets o aix\u00f2 resulti legalment perm\u00e8s.<\/p>\n<p>g) Demanar dades amb finalitat publicit\u00e0ria i de remetre publicitat de qualsevol classe i comunicacions amb fins de venda o altres de naturalesa comercial sense que hi hagi la pr\u00e8via sol\u00b7licitud o consentiment.<\/p>\n<p>Tots els continguts del lloc web, com ara textos, fotografies, gr\u00e0fics, imatges, icones, tecnologia, programari, aix\u00ed com el seu disseny gr\u00e0fic i codis font, constitueixen una obra la propietat pertany al PROPIETARI DE LA WEB, sense que puguin entendre cedits a l\u2019usuari cap dels drets d\u2019explotaci\u00f3 sobre els mateixos m\u00e9s enll\u00e0 de l\u2019estrictament necessari per al correcte \u00fas del web.<\/p>\n<p>En definitiva, els usuaris que accedeixin a aquest lloc web poden visualitzar els continguts i efectuar, si escau, c\u00f2pies privades autoritzades sempre que els elements reprodu\u00efts no siguin cedits posteriorment a tercers, ni s\u2019instal\u00b7lin a servidors connectats a xarxes, ni siguin objecte de cap tipus d\u2019explotaci\u00f3.<\/p>\n<p>Aix\u00ed mateix, totes les marques, noms comercials o signes distintius de qualsevol classe que apareixen al lloc web s\u00f3n propietat del PROPIETARI DE LA WEB, sense que pugui entendre que l\u2019\u00fas o acc\u00e9s al mateix atribueixi a l\u2019usuari cap dret sobre els mateixos.<\/p>\n<p>La distribuci\u00f3, modificaci\u00f3, cessi\u00f3 o comunicaci\u00f3 p\u00fablica dels continguts i qualsevol altre acte que no hagi estat expressament autoritzat pel titular dels drets d\u2019explotaci\u00f3 queden prohibits.<\/p>\n<p>L\u2019establiment d\u2019un hiperenlla\u00e7 no implica en cap cas l\u2019exist\u00e8ncia de relacions entre EL PROPIETARI DE LA WEB i el propietari del lloc web en la qual s\u2019estableixi, ni l\u2019acceptaci\u00f3 i aprovaci\u00f3 per part del PROPIETARI DE LA WEB dels seus continguts o serveis.<\/p>\n<p>EL PROPIETARI DE LA WEB no es responsabilitza de l\u2019\u00fas que cada usuari li doni als materials posats a disposici\u00f3 en aquest lloc web ni de les actuacions que realitzi en base als mateixos.<\/p>\n<p>4.1. EXCLUSI\u00d3 DE GARANTIES I DE RESPONSABILITAT EN L\u2019ACC\u00c9S I LA UTILITZACI\u00d3<\/p>\n<p>El contingut del present lloc web \u00e9s de car\u00e0cter general i t\u00e9 una finalitat merament informativa, sense que es garanteixi plenament l\u2019acc\u00e9s a tots els continguts, ni la seva exhaustivitat, correcci\u00f3, vig\u00e8ncia o actualitat, ni la seva idone\u00eftat o utilitat per a un objectiu espec\u00edfic.<\/p>\n<p>EL PROPIETARI DE LA WEB exclou, fins on permet l\u2019ordenament jur\u00eddic, qualsevol responsabilitat pels danys i perjudicis de tota naturalesa derivats de:<\/p>\n<p>a) La impossibilitat d\u2019acc\u00e9s al lloc web o la falta de veracitat, exactitud, exhaustivitat i\/o actualitat dels continguts, aix\u00ed com l\u2019exist\u00e8ncia de vicis i defectes de tota classe dels continguts transmesos, difosos, emmagatzemats, posats a disposici\u00f3, als quals s\u2019hagi accedit a trav\u00e9s del lloc web o dels serveis que s\u2019ofereixen.<\/p>\n<p>b) La pres\u00e8ncia de virus o d\u2019altres elements en els continguts que puguin produir alteracions en els sistemes inform\u00e0tics, documents electr\u00f2nics o dades dels usuaris.<\/p>\n<p>c) L\u2019incompliment de les lleis, la bona fe, l\u2019ordre p\u00fablic, els usos del tr\u00e0fic i el present av\u00eds legal com a conseq\u00fc\u00e8ncia de l\u2019\u00fas incorrecte del lloc web. En particular, i a manera d\u2019exemple, EL PROPIETARI DE LA WEB no es fa responsable de les actuacions de tercers que vulnerin drets de propietat intel\u00b7lectual i industrial, secrets empresarials, drets a l\u2019honor, a la intimitat personal i familiar i a la pr\u00f2pia imatge, aix\u00ed com la normativa en mat\u00e8ria de compet\u00e8ncia deslleial i publicitat il\u00b7l\u00edcita.<\/p>\n<p>Aix\u00ed mateix, EL PROPIETARI DE LA WEB declina qualsevol responsabilitat respecte a la informaci\u00f3 que es trobi fora d\u2019aquesta web i no sigui gestionada directament pel nostre webmaster. La funci\u00f3 dels links que apareixen en aquesta web \u00e9s exclusivament la d\u2019informar l\u2019usuari sobre l\u2019exist\u00e8ncia d\u2019altres fonts susceptibles d\u2019ampliar els continguts que ofereix aquest lloc web. EL PROPIETARI DE LA WEB no garanteix ni es responsabilitza del funcionament o accessibilitat dels llocs enlla\u00e7ats; ni suggereix, convida o recomana la visita als mateixos, de manera que tampoc ser\u00e0 responsable del resultat obtingut. EL PROPIETARI DE LA WEB no es responsabilitza de l\u2019establiment d\u2019hipervincles per part de tercers.<\/p>\n<p>4.2. PROCEDIMENT EN CAS DE REALITZACI\u00d3 D\u2019ACTIVITATS DE CAR\u00c0CTER IL\u00b7L\u00cdCIT<\/p>\n<p>En el cas que qualsevol usuari o un tercer consideri que existeixen fets o circumst\u00e0ncies que revelin el car\u00e0cter il\u00b7l\u00edcit de la utilitzaci\u00f3 de qualsevol contingut i \/ o de la realitzaci\u00f3 de qualsevol activitat en les p\u00e0gines web incloses o accessibles a trav\u00e9s del lloc web, haur\u00e0 d\u2019enviar una notificaci\u00f3 al PROPIETARI DE LA WEB identificant-se degudament i especificant les suposades infraccions.<\/p>\n<p>4.3. PUBLICACIONS<\/p>\n<p>La informaci\u00f3 administrativa facilitada a trav\u00e9s del lloc web no substitueix la publicitat legal de les lleis, normatives, plans, disposicions generals i actes que hagin de ser publicats formalment als diaris oficials de les administracions p\u00fabliques, que constitueixen l\u2019\u00fanic instrument que dona fe de la seva autenticitat i contingut. La informaci\u00f3 disponible en aquest lloc web s\u2019ha d\u2019entendre com una guia sense prop\u00f2sit de validesa legal.<\/p>\n<p id=\"5\">5. LEGISLACI\u00d3 APLICABLE<\/p>\n<p>Les condicions presents es regiran per la legislaci\u00f3 espanyola vigent. La llengua utilitzada ser\u00e0 el Catal\u00e0.<\/p>\n<p>Aix\u00ed mateix,<\/p>\n<p>pot llegir la nostra Pol\u00edtica de Cookies\u00a0<a href=\"\/ca\/cookies\/\">aqu\u00ed<\/a>.<\/p>\n<p>pot llegir la nostra Pol\u00edtica de Privacitat\u00a0<a href=\"\/ca\/privacitat\/\">aqu\u00ed<\/a>.<\/p>\n<\/div>\n<\/div>\n<\/div>\n<\/div>\n<\/div>\n<\/div>\n\t\t<\/div>\n\t\t\t\t\t<\/div>\n\n\t\n<\/div>\n\t\t<\/div>\n\n\t\t\n<style>\n#section_1355195222 {\n  padding-top: 30px;\n  padding-bottom: 30px;\n}\n<\/style>\n\t<\/section>\n\t\n","protected":false},"excerpt":{"rendered":"","protected":false},"author":1,"featured_media":0,"parent":0,"menu_order":0,"comment_status":"closed","ping_status":"closed","template":"","meta":{"footnotes":""},"class_list":["post-40318","page","type-page","status-publish","hentry"],"_links":{"self":[{"href":"https:\/\/somnismar.com\/ca\/wp-json\/wp\/v2\/pages\/40318","targetHints":{"allow":["GET"]}}],"collection":[{"href":"https:\/\/somnismar.com\/ca\/wp-json\/wp\/v2\/pages"}],"about":[{"href":"https:\/\/somnismar.com\/ca\/wp-json\/wp\/v2\/types\/page"}],"author":[{"embeddable":true,"href":"https:\/\/somnismar.com\/ca\/wp-json\/wp\/v2\/users\/1"}],"replies":[{"embeddable":true,"href":"https:\/\/somnismar.com\/ca\/wp-json\/wp\/v2\/comments?post=40318"}],"version-history":[{"count":4,"href":"https:\/\/somnismar.com\/ca\/wp-json\/wp\/v2\/pages\/40318\/revisions"}],"predecessor-version":[{"id":50680,"href":"https:\/\/somnismar.com\/ca\/wp-json\/wp\/v2\/pages\/40318\/revisions\/50680"}],"wp:attachment":[{"href":"https:\/\/somnismar.com\/ca\/wp-json\/wp\/v2\/media?parent=40318"}],"curies":[{"name":"wp","href":"https:\/\/api.w.org\/{rel}","templated":true}]}}